{"id":3860,"date":"2026-01-29T16:23:24","date_gmt":"2026-01-29T20:23:24","guid":{"rendered":"https:\/\/farmtalkcare.ca\/farm-emergency-plan\/"},"modified":"2026-04-02T15:31:22","modified_gmt":"2026-04-02T19:31:22","slug":"plan-durgence-a-la-ferme","status":"publish","type":"page","link":"https:\/\/farmtalkcare.ca\/fr\/securite-agricole\/plan-durgence-a-la-ferme\/","title":{"rendered":"Plan d\u2019urgence \u00e0 la ferme"},"content":{"rendered":"\t\t<div data-elementor-type=\"wp-page\" data-elementor-id=\"3860\" class=\"elementor elementor-3860 elementor-2876\" data-elementor-post-type=\"page\">\n\t\t\t\t\t\t<section class=\"elementor-section elementor-top-section elementor-element elementor-element-3eef0ec2 elementor-section-height-min-height elementor-section-boxed elementor-section-height-default elementor-section-items-middle\" data-id=\"3eef0ec2\" data-element_type=\"section\" data-e-type=\"section\" data-settings=\"{&quot;background_background&quot;:&quot;classic&quot;}\">\n\t\t\t\t\t\t<div class=\"elementor-container elementor-column-gap-default\">\n\t\t\t\t\t<div class=\"elementor-column elementor-col-50 elementor-top-column elementor-element elementor-element-47bb65ed\" data-id=\"47bb65ed\" data-element_type=\"column\" data-e-type=\"column\">\n\t\t\t<div class=\"elementor-widget-wrap elementor-element-populated\">\n\t\t\t\t\t\t<div class=\"elementor-element elementor-element-977be39 elementor-widget elementor-widget-heading\" data-id=\"977be39\" data-element_type=\"widget\" data-e-type=\"widget\" data-widget_type=\"heading.default\">\n\t\t\t\t<div class=\"elementor-widget-container\">\n\t\t\t\t\t<h1 class=\"elementor-heading-title elementor-size-default\">Plan d'urgence<\/h1>\t\t\t\t<\/div>\n\t\t\t\t<\/div>\n\t\t\t\t<div class=\"elementor-element elementor-element-2721d176 elementor-widget elementor-widget-heading\" data-id=\"2721d176\" data-element_type=\"widget\" data-e-type=\"widget\" data-widget_type=\"heading.default\">\n\t\t\t\t<div class=\"elementor-widget-container\">\n\t\t\t\t\t<h1 class=\"elementor-heading-title elementor-size-default\">\u00e0 la ferme<\/h1>\t\t\t\t<\/div>\n\t\t\t\t<\/div>\n\t\t\t\t\t<\/div>\n\t\t<\/div>\n\t\t\t\t<div class=\"elementor-column elementor-col-50 elementor-top-column elementor-element elementor-element-77cf4449 elementor-hidden-tablet elementor-hidden-phone\" data-id=\"77cf4449\" data-element_type=\"column\" data-e-type=\"column\">\n\t\t\t<div class=\"elementor-widget-wrap elementor-element-populated\">\n\t\t\t\t\t\t<div class=\"elementor-element elementor-element-a03602b elementor-widget elementor-widget-spacer\" data-id=\"a03602b\" data-element_type=\"widget\" data-e-type=\"widget\" data-widget_type=\"spacer.default\">\n\t\t\t\t<div class=\"elementor-widget-container\">\n\t\t\t\t\t\t\t<div class=\"elementor-spacer\">\n\t\t\t<div class=\"elementor-spacer-inner\"><\/div>\n\t\t<\/div>\n\t\t\t\t\t\t<\/div>\n\t\t\t\t<\/div>\n\t\t\t\t\t<\/div>\n\t\t<\/div>\n\t\t\t\t\t<\/div>\n\t\t<\/section>\n\t\t\t\t<section class=\"elementor-section elementor-top-section elementor-element elementor-element-39f3943 elementor-section-stretched elementor-section-boxed elementor-section-height-default elementor-section-height-default\" data-id=\"39f3943\" data-element_type=\"section\" data-e-type=\"section\" data-settings=\"{&quot;stretch_section&quot;:&quot;section-stretched&quot;,&quot;background_background&quot;:&quot;classic&quot;}\">\n\t\t\t\t\t\t<div class=\"elementor-container elementor-column-gap-default\">\n\t\t\t\t\t<div class=\"elementor-column elementor-col-100 elementor-top-column elementor-element elementor-element-2fea36a5\" data-id=\"2fea36a5\" data-element_type=\"column\" data-e-type=\"column\">\n\t\t\t<div class=\"elementor-widget-wrap elementor-element-populated\">\n\t\t\t\t\t\t<div class=\"elementor-element elementor-element-deb2e05 elementor-widget elementor-widget-text-editor\" data-id=\"deb2e05\" data-element_type=\"widget\" data-e-type=\"widget\" data-widget_type=\"text-editor.default\">\n\t\t\t\t<div class=\"elementor-widget-container\">\n\t\t\t\t\t\t\t\t\t<p data-path-to-node=\"2\">Voici une liste de <strong>situations d\u2019urgence<\/strong> accompagn\u00e9e d\u2019un bref aper\u00e7u des mesures \u00e0 prendre dans chaque cas. <strong>Cette liste n\u2019est pas exhaustive; vous pouvez y ajouter d&rsquo;autres \u00e9l\u00e9ments.<\/strong> Assurez-vous que toutes les personnes \u00e0 la ferme ont re\u00e7u la formation n\u00e9cessaire sur la marche \u00e0 suivre en cas d&rsquo;urgence. Conservez le plan d&rsquo;urgence \u00e0 plusieurs endroits (dans les b\u00e2timents o\u00f9 l\u2019on travaille, \u00e0 l&rsquo;int\u00e9rieur des v\u00e9hicules) afin de toujours pouvoir y acc\u00e9der.<\/p><p data-path-to-node=\"3\"><em>Pour consulter les diff\u00e9rentes pages du plan d&rsquo;urgence, utilisez les fl\u00e8ches \u00ab haut \u00bb et \u00ab bas \u00bb situ\u00e9es en haut de la page.<\/em><\/p>\t\t\t\t\t\t\t\t<\/div>\n\t\t\t\t<\/div>\n\t\t\t\t<div class=\"elementor-element elementor-element-085d0d4 elementor-widget elementor-widget-shortcode\" data-id=\"085d0d4\" data-element_type=\"widget\" data-e-type=\"widget\" data-widget_type=\"shortcode.default\">\n\t\t\t\t<div class=\"elementor-widget-container\">\n\t\t\t\t\t\t\t<div class=\"elementor-shortcode\"><a href=\"https:\/\/farmtalkcare.ca\/wp-content\/uploads\/2026\/04\/Plan-durgenceINTRevue.pdf\" class=\"pdfemb-viewer\" style=\"\" data-width=\"max\" data-height=\"max\" data-toolbar=\"both\" data-toolbar-fixed=\"on\">Plan-durgenceINTRevue<\/a><\/div>\n\t\t\t\t\t\t<\/div>\n\t\t\t\t<\/div>\n\t\t\t\t<div class=\"elementor-element elementor-element-cc73941 elementor-align-center elementor-widget elementor-widget-button\" data-id=\"cc73941\" data-element_type=\"widget\" data-e-type=\"widget\" data-widget_type=\"button.default\">\n\t\t\t\t<div class=\"elementor-widget-container\">\n\t\t\t\t\t\t\t\t\t<div class=\"elementor-button-wrapper\">\n\t\t\t\t\t<a class=\"elementor-button elementor-button-link elementor-size-sm\" href=\"https:\/\/farmtalkcare.ca\/wp-content\/uploads\/2026\/03\/Plan-durgenceINT.pdf\" target=\"_blank\">\n\t\t\t\t\t\t<span class=\"elementor-button-content-wrapper\">\n\t\t\t\t\t\t<span class=\"elementor-button-icon\">\n\t\t\t\t<i aria-hidden=\"true\" class=\"fas fa-file-download\"><\/i>\t\t\t<\/span>\n\t\t\t\t\t\t\t\t\t<span class=\"elementor-button-text\">Cliquez ici pour t\u00e9l\u00e9charger le plan d'urgence<\/span>\n\t\t\t\t\t<\/span>\n\t\t\t\t\t<\/a>\n\t\t\t\t<\/div>\n\t\t\t\t\t\t\t\t<\/div>\n\t\t\t\t<\/div>\n\t\t\t\t\t<\/div>\n\t\t<\/div>\n\t\t\t\t\t<\/div>\n\t\t<\/section>\n\t\t\t\t<section class=\"elementor-section elementor-top-section elementor-element elementor-element-a5eb238 elementor-section-boxed elementor-section-height-default elementor-section-height-default\" data-id=\"a5eb238\" data-element_type=\"section\" data-e-type=\"section\">\n\t\t\t\t\t\t<div class=\"elementor-container elementor-column-gap-default\">\n\t\t\t\t\t<div class=\"elementor-column elementor-col-100 elementor-top-column elementor-element elementor-element-70932c7\" data-id=\"70932c7\" data-element_type=\"column\" data-e-type=\"column\">\n\t\t\t<div class=\"elementor-widget-wrap elementor-element-populated\">\n\t\t\t\t\t\t<div class=\"elementor-element elementor-element-6e1a01a elementor-widget elementor-widget-text-editor\" data-id=\"6e1a01a\" data-element_type=\"widget\" data-e-type=\"widget\" data-widget_type=\"text-editor.default\">\n\t\t\t\t<div class=\"elementor-widget-container\">\n\t\t\t\t\t\t\t\t\t<h3>Need to talk? In distress or concerned for someone?<\/h3><p>Call the <span style=\"text-decoration: underline;\"><a href=\"https:\/\/ccaw.ca\/national-farmer-wellness-network\/\">National Farmer Wellness Network Crisis Line<\/a><\/span> at 1-866-FARMS01 (1-866-327-6701) any time, any day of the year | Call or Text 9-8-8. | <span style=\"text-decoration: underline;\"><a href=\"https:\/\/farmtalkcare.ca\/care\/\">Find other crisis supports and helpline numbers here.<\/a><\/span><\/p><p><em>\u00a0<\/em><strong>Please note:<\/strong> The information on this website is not intended to replace professional medical advice, diagnosis, or treatment.<strong> If you are experiencing an emergency, call 911 or visit your local emergency room.<\/strong><\/p>\t\t\t\t\t\t\t\t<\/div>\n\t\t\t\t<\/div>\n\t\t\t\t\t<\/div>\n\t\t<\/div>\n\t\t\t\t\t<\/div>\n\t\t<\/section>\n\t\t\t\t<\/div>\n\t\t","protected":false},"excerpt":{"rendered":"<p>Plan d&rsquo;urgence \u00e0 la ferme Voici une liste de situations d\u2019urgence accompagn\u00e9e d\u2019un bref aper\u00e7u des mesures \u00e0 prendre dans chaque cas. Cette liste n\u2019est pas exhaustive; vous pouvez y ajouter d&rsquo;autres \u00e9l\u00e9ments. Assurez-vous que toutes les personnes \u00e0 la ferme ont re\u00e7u la formation n\u00e9cessaire sur la marche \u00e0 suivre en cas d&rsquo;urgence. Conservez [&hellip;]<\/p>\n","protected":false},"author":1,"featured_media":0,"parent":3865,"menu_order":0,"comment_status":"closed","ping_status":"closed","template":"","meta":{"footnotes":""},"class_list":["post-3860","page","type-page","status-publish","hentry"],"_links":{"self":[{"href":"https:\/\/farmtalkcare.ca\/fr\/wp-json\/wp\/v2\/pages\/3860","targetHints":{"allow":["GET"]}}],"collection":[{"href":"https:\/\/farmtalkcare.ca\/fr\/wp-json\/wp\/v2\/pages"}],"about":[{"href":"https:\/\/farmtalkcare.ca\/fr\/wp-json\/wp\/v2\/types\/page"}],"author":[{"embeddable":true,"href":"https:\/\/farmtalkcare.ca\/fr\/wp-json\/wp\/v2\/users\/1"}],"replies":[{"embeddable":true,"href":"https:\/\/farmtalkcare.ca\/fr\/wp-json\/wp\/v2\/comments?post=3860"}],"version-history":[{"count":10,"href":"https:\/\/farmtalkcare.ca\/fr\/wp-json\/wp\/v2\/pages\/3860\/revisions"}],"predecessor-version":[{"id":3932,"href":"https:\/\/farmtalkcare.ca\/fr\/wp-json\/wp\/v2\/pages\/3860\/revisions\/3932"}],"up":[{"embeddable":true,"href":"https:\/\/farmtalkcare.ca\/fr\/wp-json\/wp\/v2\/pages\/3865"}],"wp:attachment":[{"href":"https:\/\/farmtalkcare.ca\/fr\/wp-json\/wp\/v2\/media?parent=3860"}],"curies":[{"name":"wp","href":"https:\/\/api.w.org\/{rel}","templated":true}]}}