{"id":3854,"date":"2026-01-23T17:08:34","date_gmt":"2026-01-23T21:08:34","guid":{"rendered":"https:\/\/farmtalkcare.ca\/farm-safety-checklist\/"},"modified":"2026-04-02T15:22:28","modified_gmt":"2026-04-02T19:22:28","slug":"liste-de-verification-de-la-securite-agricole","status":"publish","type":"page","link":"https:\/\/farmtalkcare.ca\/fr\/securite-agricole\/liste-de-verification-de-la-securite-agricole\/","title":{"rendered":"Liste de v\u00e9rification de la s\u00e9curit\u00e9 agricole"},"content":{"rendered":"\t\t<div data-elementor-type=\"wp-page\" data-elementor-id=\"3854\" class=\"elementor elementor-3854 elementor-2804\" data-elementor-post-type=\"page\">\n\t\t\t\t\t\t<section class=\"elementor-section elementor-top-section elementor-element elementor-element-3eef0ec2 elementor-section-height-min-height elementor-section-boxed elementor-section-height-default elementor-section-items-middle\" data-id=\"3eef0ec2\" data-element_type=\"section\" data-e-type=\"section\" data-settings=\"{&quot;background_background&quot;:&quot;classic&quot;}\">\n\t\t\t\t\t\t<div class=\"elementor-container elementor-column-gap-default\">\n\t\t\t\t\t<div class=\"elementor-column elementor-col-50 elementor-top-column elementor-element elementor-element-47bb65ed\" data-id=\"47bb65ed\" data-element_type=\"column\" data-e-type=\"column\">\n\t\t\t<div class=\"elementor-widget-wrap elementor-element-populated\">\n\t\t\t\t\t\t<div class=\"elementor-element elementor-element-977be39 elementor-widget elementor-widget-heading\" data-id=\"977be39\" data-element_type=\"widget\" data-e-type=\"widget\" data-widget_type=\"heading.default\">\n\t\t\t\t<div class=\"elementor-widget-container\">\n\t\t\t\t\t<h1 class=\"elementor-heading-title elementor-size-default\">Liste de v\u00e9rification<\/h1>\t\t\t\t<\/div>\n\t\t\t\t<\/div>\n\t\t\t\t<div class=\"elementor-element elementor-element-2721d176 elementor-widget elementor-widget-heading\" data-id=\"2721d176\" data-element_type=\"widget\" data-e-type=\"widget\" data-widget_type=\"heading.default\">\n\t\t\t\t<div class=\"elementor-widget-container\">\n\t\t\t\t\t<h1 class=\"elementor-heading-title elementor-size-default\"> de la s\u00e9curit\u00e9 agricole<\/h1>\t\t\t\t<\/div>\n\t\t\t\t<\/div>\n\t\t\t\t\t<\/div>\n\t\t<\/div>\n\t\t\t\t<div class=\"elementor-column elementor-col-50 elementor-top-column elementor-element elementor-element-77cf4449 elementor-hidden-tablet elementor-hidden-phone\" data-id=\"77cf4449\" data-element_type=\"column\" data-e-type=\"column\">\n\t\t\t<div class=\"elementor-widget-wrap elementor-element-populated\">\n\t\t\t\t\t\t<div class=\"elementor-element elementor-element-a03602b elementor-widget elementor-widget-spacer\" data-id=\"a03602b\" data-element_type=\"widget\" data-e-type=\"widget\" data-widget_type=\"spacer.default\">\n\t\t\t\t<div class=\"elementor-widget-container\">\n\t\t\t\t\t\t\t<div class=\"elementor-spacer\">\n\t\t\t<div class=\"elementor-spacer-inner\"><\/div>\n\t\t<\/div>\n\t\t\t\t\t\t<\/div>\n\t\t\t\t<\/div>\n\t\t\t\t\t<\/div>\n\t\t<\/div>\n\t\t\t\t\t<\/div>\n\t\t<\/section>\n\t\t\t\t<section class=\"elementor-section elementor-top-section elementor-element elementor-element-39f3943 elementor-section-stretched elementor-section-boxed elementor-section-height-default elementor-section-height-default\" data-id=\"39f3943\" data-element_type=\"section\" data-e-type=\"section\" data-settings=\"{&quot;stretch_section&quot;:&quot;section-stretched&quot;,&quot;background_background&quot;:&quot;classic&quot;}\">\n\t\t\t\t\t\t<div class=\"elementor-container elementor-column-gap-default\">\n\t\t\t\t\t<div class=\"elementor-column elementor-col-100 elementor-top-column elementor-element elementor-element-2fea36a5\" data-id=\"2fea36a5\" data-element_type=\"column\" data-e-type=\"column\">\n\t\t\t<div class=\"elementor-widget-wrap elementor-element-populated\">\n\t\t\t\t\t\t<div class=\"elementor-element elementor-element-deb2e05 elementor-widget elementor-widget-text-editor\" data-id=\"deb2e05\" data-element_type=\"widget\" data-e-type=\"widget\" data-widget_type=\"text-editor.default\">\n\t\t\t\t<div class=\"elementor-widget-container\">\n\t\t\t\t\t\t\t\t\t<p><strong>Bien que l\u2019agriculture soit une profession \u00e0 risque \u00e9lev\u00e9, de nombreux dangers peuvent \u00eatre contr\u00f4l\u00e9s.<\/strong> Utilisez cette liste de contr\u00f4le comme un outil pratique pour vous aider \u00e0 reconna\u00eetre les risques existants, \u00e0 entamer des discussions et \u00e0 renforcer la s\u00e9curit\u00e9 \u00e0 la ferme. Si vous r\u00e9pondez \u00ab non \u00bb \u00e0 une question, \u00e9tablissez un plan pour corriger la situation en utilisant la page de mesures correctives fournie. La plupart des questions s&rsquo;appliquent \u00e0 toutes les fermes; rayez simplement celles qui ne concernent pas votre exploitation.<\/p><p data-path-to-node=\"3\"><strong>Pour consulter<\/strong> les diff\u00e9rentes pages de la liste de contr\u00f4le de s\u00e9curit\u00e9 et du plan d&rsquo;action, utilisez les fl\u00e8ches \u00ab <em>haut<\/em> \u00bb et \u00ab <em>bas<\/em> \u00bb situ\u00e9es en haut de la page.<\/p>\t\t\t\t\t\t\t\t<\/div>\n\t\t\t\t<\/div>\n\t\t\t\t<div class=\"elementor-element elementor-element-085d0d4 elementor-widget elementor-widget-shortcode\" data-id=\"085d0d4\" data-element_type=\"widget\" data-e-type=\"widget\" data-widget_type=\"shortcode.default\">\n\t\t\t\t<div class=\"elementor-widget-container\">\n\t\t\t\t\t\t\t<div class=\"elementor-shortcode\"><a href=\"https:\/\/farmtalkcare.ca\/wp-content\/uploads\/2026\/04\/Liste-de-verification-de-securite-frINTREVUE.pdf\" class=\"pdfemb-viewer\" style=\"\" data-width=\"max\" data-height=\"max\" data-toolbar=\"both\" data-toolbar-fixed=\"on\">Liste-de-verification-de-securite-frINTREVUE<\/a><\/div>\n\t\t\t\t\t\t<\/div>\n\t\t\t\t<\/div>\n\t\t\t\t<div class=\"elementor-element elementor-element-cc73941 elementor-align-center elementor-widget elementor-widget-button\" data-id=\"cc73941\" data-element_type=\"widget\" data-e-type=\"widget\" data-widget_type=\"button.default\">\n\t\t\t\t<div class=\"elementor-widget-container\">\n\t\t\t\t\t\t\t\t\t<div class=\"elementor-button-wrapper\">\n\t\t\t\t\t<a class=\"elementor-button elementor-button-link elementor-size-sm\" href=\"https:\/\/farmtalkcare.ca\/wp-content\/uploads\/2026\/01\/Liste-de-verification-de-securite-fr.pdf\" target=\"_blank\">\n\t\t\t\t\t\t<span class=\"elementor-button-content-wrapper\">\n\t\t\t\t\t\t<span class=\"elementor-button-icon\">\n\t\t\t\t<i aria-hidden=\"true\" class=\"fas fa-file-download\"><\/i>\t\t\t<\/span>\n\t\t\t\t\t\t\t\t\t<span class=\"elementor-button-text\">Cliquez pour t\u00e9l\u00e9charger la liste de v\u00e9rification<\/span>\n\t\t\t\t\t<\/span>\n\t\t\t\t\t<\/a>\n\t\t\t\t<\/div>\n\t\t\t\t\t\t\t\t<\/div>\n\t\t\t\t<\/div>\n\t\t\t\t\t<\/div>\n\t\t<\/div>\n\t\t\t\t\t<\/div>\n\t\t<\/section>\n\t\t\t\t<section class=\"elementor-section elementor-top-section elementor-element elementor-element-23fc094c elementor-section-boxed elementor-section-height-default elementor-section-height-default\" data-id=\"23fc094c\" data-element_type=\"section\" data-e-type=\"section\">\n\t\t\t\t\t\t<div class=\"elementor-container elementor-column-gap-default\">\n\t\t\t\t\t<div class=\"elementor-column elementor-col-100 elementor-top-column elementor-element elementor-element-722dc30d\" data-id=\"722dc30d\" data-element_type=\"column\" data-e-type=\"column\">\n\t\t\t<div class=\"elementor-widget-wrap elementor-element-populated\">\n\t\t\t\t\t\t<div class=\"elementor-element elementor-element-1fbeb2d8 elementor-widget elementor-widget-text-editor\" data-id=\"1fbeb2d8\" data-element_type=\"widget\" data-e-type=\"widget\" data-widget_type=\"text-editor.default\">\n\t\t\t\t<div class=\"elementor-widget-container\">\n\t\t\t\t\t\t\t\t\t<h3>Besoin de parler ? En d\u00e9tresse ou inquiet pour quelqu&rsquo;un ?<\/h3>\n<p>Appelez la ligne de crise du <strong><a href=\"https:\/\/ccaw.ca\/reseau-national-pour-le-bien-etre-des-agriculteurs\/\" target=\"_blank\" rel=\"noopener\">R\u00e9seau national pour le mieux-\u00eatre des agriculteurs (National Farmer Wellness Network)<\/a><\/strong> au <b data-path-to-node=\"3\" data-index-in-node=\"119\">1-866-FARMS01 (1-866-327-6701)<\/b>, \u00e0 tout moment, tous les jours de l&rsquo;ann\u00e9e | Appelez ou textez le <b data-path-to-node=\"3\" data-index-in-node=\"215\">9-8-8<\/b>. | <strong><a href=\"https:\/\/farmtalkcare.ca\/fr\/soins\/\" target=\"_blank\" rel=\"noopener\">Trouvez d&rsquo;autres services de crise et num\u00e9ros d&rsquo;aide ici<\/a><\/strong>..<\/p>\n<p><em> <b data-path-to-node=\"4\" data-index-in-node=\"0\">Remarque :<\/b> Les informations contenues sur ce site Web ne sont pas destin\u00e9es \u00e0 remplacer les conseils, le diagnostic ou le traitement d&rsquo;un professionnel de la sant\u00e9. Si vous vivez une urgence, composez le <b data-path-to-node=\"4\" data-index-in-node=\"204\">911<\/b> ou rendez-vous \u00e0 l&rsquo;urgence de votre localit\u00e9.<\/em><\/p>\t\t\t\t\t\t\t\t<\/div>\n\t\t\t\t<\/div>\n\t\t\t\t\t<\/div>\n\t\t<\/div>\n\t\t\t\t\t<\/div>\n\t\t<\/section>\n\t\t\t\t<\/div>\n\t\t","protected":false},"excerpt":{"rendered":"<p>Liste de v\u00e9rification de la s\u00e9curit\u00e9 agricole Bien que l\u2019agriculture soit une profession \u00e0 risque \u00e9lev\u00e9, de nombreux dangers peuvent \u00eatre contr\u00f4l\u00e9s. Utilisez cette liste de contr\u00f4le comme un outil pratique pour vous aider \u00e0 reconna\u00eetre les risques existants, \u00e0 entamer des discussions et \u00e0 renforcer la s\u00e9curit\u00e9 \u00e0 la ferme. Si vous r\u00e9pondez \u00ab [&hellip;]<\/p>\n","protected":false},"author":1,"featured_media":0,"parent":3865,"menu_order":0,"comment_status":"closed","ping_status":"closed","template":"","meta":{"footnotes":""},"class_list":["post-3854","page","type-page","status-publish","hentry"],"_links":{"self":[{"href":"https:\/\/farmtalkcare.ca\/fr\/wp-json\/wp\/v2\/pages\/3854","targetHints":{"allow":["GET"]}}],"collection":[{"href":"https:\/\/farmtalkcare.ca\/fr\/wp-json\/wp\/v2\/pages"}],"about":[{"href":"https:\/\/farmtalkcare.ca\/fr\/wp-json\/wp\/v2\/types\/page"}],"author":[{"embeddable":true,"href":"https:\/\/farmtalkcare.ca\/fr\/wp-json\/wp\/v2\/users\/1"}],"replies":[{"embeddable":true,"href":"https:\/\/farmtalkcare.ca\/fr\/wp-json\/wp\/v2\/comments?post=3854"}],"version-history":[{"count":13,"href":"https:\/\/farmtalkcare.ca\/fr\/wp-json\/wp\/v2\/pages\/3854\/revisions"}],"predecessor-version":[{"id":3927,"href":"https:\/\/farmtalkcare.ca\/fr\/wp-json\/wp\/v2\/pages\/3854\/revisions\/3927"}],"up":[{"embeddable":true,"href":"https:\/\/farmtalkcare.ca\/fr\/wp-json\/wp\/v2\/pages\/3865"}],"wp:attachment":[{"href":"https:\/\/farmtalkcare.ca\/fr\/wp-json\/wp\/v2\/media?parent=3854"}],"curies":[{"name":"wp","href":"https:\/\/api.w.org\/{rel}","templated":true}]}}