{"id":3848,"date":"2026-01-23T16:56:05","date_gmt":"2026-01-23T20:56:05","guid":{"rendered":"https:\/\/farmtalkcare.ca\/farm-worker-orientation-and-training\/"},"modified":"2026-04-23T13:27:19","modified_gmt":"2026-04-23T17:27:19","slug":"orientation-et-formation-des-travailleurs-agricoles","status":"publish","type":"page","link":"https:\/\/farmtalkcare.ca\/fr\/securite-agricole\/orientation-et-formation-des-travailleurs-agricoles\/","title":{"rendered":"Orientation et formation des travailleurs agricoles"},"content":{"rendered":"\t\t<div data-elementor-type=\"wp-page\" data-elementor-id=\"3848\" class=\"elementor elementor-3848 elementor-2789\" data-elementor-post-type=\"page\">\n\t\t\t\t\t\t<section class=\"elementor-section elementor-top-section elementor-element elementor-element-3eef0ec2 elementor-section-height-min-height elementor-section-boxed elementor-section-height-default elementor-section-items-middle\" data-id=\"3eef0ec2\" data-element_type=\"section\" data-e-type=\"section\" data-settings=\"{&quot;background_background&quot;:&quot;classic&quot;}\">\n\t\t\t\t\t\t<div class=\"elementor-container elementor-column-gap-default\">\n\t\t\t\t\t<div class=\"elementor-column elementor-col-50 elementor-top-column elementor-element elementor-element-47bb65ed\" data-id=\"47bb65ed\" data-element_type=\"column\" data-e-type=\"column\">\n\t\t\t<div class=\"elementor-widget-wrap elementor-element-populated\">\n\t\t\t\t\t\t<div class=\"elementor-element elementor-element-977be39 elementor-widget elementor-widget-heading\" data-id=\"977be39\" data-element_type=\"widget\" data-e-type=\"widget\" data-widget_type=\"heading.default\">\n\t\t\t\t<div class=\"elementor-widget-container\">\n\t\t\t\t\t<h1 class=\"elementor-heading-title elementor-size-default\">Orientation<br> et formation<\/h1>\t\t\t\t<\/div>\n\t\t\t\t<\/div>\n\t\t\t\t<div class=\"elementor-element elementor-element-2721d176 elementor-widget elementor-widget-heading\" data-id=\"2721d176\" data-element_type=\"widget\" data-e-type=\"widget\" data-widget_type=\"heading.default\">\n\t\t\t\t<div class=\"elementor-widget-container\">\n\t\t\t\t\t<h1 class=\"elementor-heading-title elementor-size-default\">des travailleurs agricoles<\/h1>\t\t\t\t<\/div>\n\t\t\t\t<\/div>\n\t\t\t\t\t<\/div>\n\t\t<\/div>\n\t\t\t\t<div class=\"elementor-column elementor-col-50 elementor-top-column elementor-element elementor-element-77cf4449 elementor-hidden-tablet elementor-hidden-phone\" data-id=\"77cf4449\" data-element_type=\"column\" data-e-type=\"column\">\n\t\t\t<div class=\"elementor-widget-wrap elementor-element-populated\">\n\t\t\t\t\t\t<div class=\"elementor-element elementor-element-a03602b elementor-widget elementor-widget-spacer\" data-id=\"a03602b\" data-element_type=\"widget\" data-e-type=\"widget\" data-widget_type=\"spacer.default\">\n\t\t\t\t<div class=\"elementor-widget-container\">\n\t\t\t\t\t\t\t<div class=\"elementor-spacer\">\n\t\t\t<div class=\"elementor-spacer-inner\"><\/div>\n\t\t<\/div>\n\t\t\t\t\t\t<\/div>\n\t\t\t\t<\/div>\n\t\t\t\t\t<\/div>\n\t\t<\/div>\n\t\t\t\t\t<\/div>\n\t\t<\/section>\n\t\t\t\t<section class=\"elementor-section elementor-top-section elementor-element elementor-element-b7faa5d elementor-section-full_width elementor-section-height-default elementor-section-height-default\" data-id=\"b7faa5d\" data-element_type=\"section\" data-e-type=\"section\">\n\t\t\t\t\t\t<div class=\"elementor-container elementor-column-gap-default\">\n\t\t\t\t\t<div class=\"elementor-column elementor-col-100 elementor-top-column elementor-element elementor-element-46ca071\" data-id=\"46ca071\" data-element_type=\"column\" data-e-type=\"column\" data-settings=\"{&quot;background_background&quot;:&quot;classic&quot;}\">\n\t\t\t<div class=\"elementor-widget-wrap elementor-element-populated\">\n\t\t\t\t\t\t<div class=\"elementor-element elementor-element-b52ec24 elementor-widget elementor-widget-heading\" data-id=\"b52ec24\" data-element_type=\"widget\" data-e-type=\"widget\" data-widget_type=\"heading.default\">\n\t\t\t\t<div class=\"elementor-widget-container\">\n\t\t\t\t\t<h2 class=\"elementor-heading-title elementor-size-default\">Liste des fournisseurs de formation<\/h2>\t\t\t\t<\/div>\n\t\t\t\t<\/div>\n\t\t\t\t<section class=\"elementor-section elementor-inner-section elementor-element elementor-element-06314e0 elementor-section-boxed elementor-section-height-default elementor-section-height-default\" data-id=\"06314e0\" data-element_type=\"section\" data-e-type=\"section\">\n\t\t\t\t\t\t<div class=\"elementor-container elementor-column-gap-default\">\n\t\t\t\t\t<div class=\"elementor-column elementor-col-33 elementor-inner-column elementor-element elementor-element-bdf0394\" data-id=\"bdf0394\" data-element_type=\"column\" data-e-type=\"column\">\n\t\t\t<div class=\"elementor-widget-wrap elementor-element-populated\">\n\t\t\t\t\t\t<div class=\"elementor-element elementor-element-ab263c7 elementor-cta--skin-cover elementor-cta--valign-top elementor-animated-content elementor-bg-transform elementor-bg-transform-zoom-in elementor-widget elementor-widget-call-to-action\" data-id=\"ab263c7\" data-element_type=\"widget\" data-e-type=\"widget\" data-widget_type=\"call-to-action.default\">\n\t\t\t\t<div class=\"elementor-widget-container\">\n\t\t\t\t\t\t\t<a class=\"elementor-cta\" href=\"https:\/\/farmtalkcare.ca\/fr\/securite-agricole\/orientation-et-formation-des-travailleurs-agricoles\/fournisseurs-de-formation-en-presentiel\/\">\n\t\t\t\t\t<div class=\"elementor-cta__bg-wrapper\">\n\t\t\t\t<div class=\"elementor-cta__bg elementor-bg\" style=\"background-image: url(https:\/\/farmtalkcare.ca\/wp-content\/uploads\/2025\/06\/AdobeStock_1104292390-768x512.jpeg);\" role=\"img\" aria-label=\"Farmers from diverse backgrounds engage in discussion, exchanging valuable experiences. The gathering fosters a sense of community and collaboration among participants.\"><\/div>\n\t\t\t\t<div class=\"elementor-cta__bg-overlay\"><\/div>\n\t\t\t<\/div>\n\t\t\t\t\t\t\t<div class=\"elementor-cta__content\">\n\t\t\t\t\n\t\t\t\t\t\t\t\t\t<h2 class=\"elementor-cta__title elementor-cta__content-item elementor-content-item elementor-animated-item--grow\">\n\t\t\t\t\t\tEn pr\u00e9sentiel\t\t\t\t\t<\/h2>\n\t\t\t\t\n\t\t\t\t\t\t\t\t\t<div class=\"elementor-cta__description elementor-cta__content-item elementor-content-item elementor-animated-item--grow\">\n\t\t\t\t\t\tListe des fournisseurs de formation en sant\u00e9 et s\u00e9curit\u00e9 en pr\u00e9sentiel au N.-B.\t\t\t\t\t<\/div>\n\t\t\t\t\n\t\t\t\t\t\t\t\t\t<div class=\"elementor-cta__button-wrapper elementor-cta__content-item elementor-content-item elementor-animated-item--grow\">\n\t\t\t\t\t<span class=\"elementor-cta__button elementor-button elementor-size-\">\n\t\t\t\t\t\tCliquez ici\t\t\t\t\t<\/span>\n\t\t\t\t\t<\/div>\n\t\t\t\t\t\t\t<\/div>\n\t\t\t\t\t\t<\/a>\n\t\t\t\t\t\t<\/div>\n\t\t\t\t<\/div>\n\t\t\t\t\t<\/div>\n\t\t<\/div>\n\t\t\t\t<div class=\"elementor-column elementor-col-33 elementor-inner-column elementor-element elementor-element-6d68149\" data-id=\"6d68149\" data-element_type=\"column\" data-e-type=\"column\">\n\t\t\t<div class=\"elementor-widget-wrap elementor-element-populated\">\n\t\t\t\t\t\t<div class=\"elementor-element elementor-element-b7a8262 elementor-cta--skin-cover elementor-cta--valign-top elementor-animated-content elementor-bg-transform elementor-bg-transform-zoom-in elementor-widget elementor-widget-call-to-action\" data-id=\"b7a8262\" data-element_type=\"widget\" data-e-type=\"widget\" data-widget_type=\"call-to-action.default\">\n\t\t\t\t<div class=\"elementor-widget-container\">\n\t\t\t\t\t\t\t<a class=\"elementor-cta\" href=\"https:\/\/farmtalkcare.ca\/fr\/orientation-et-formation-des-travailleurs-agricoles\/fournisseurs-de-formation-en-ligne\/\">\n\t\t\t\t\t<div class=\"elementor-cta__bg-wrapper\">\n\t\t\t\t<div class=\"elementor-cta__bg elementor-bg\" style=\"background-image: url(https:\/\/farmtalkcare.ca\/wp-content\/uploads\/2025\/09\/Untitled-design-5-52-768x768.jpg);\" role=\"img\" aria-label=\"Untitled-design-(5)-52\"><\/div>\n\t\t\t\t<div class=\"elementor-cta__bg-overlay\"><\/div>\n\t\t\t<\/div>\n\t\t\t\t\t\t\t<div class=\"elementor-cta__content\">\n\t\t\t\t\n\t\t\t\t\t\t\t\t\t<h2 class=\"elementor-cta__title elementor-cta__content-item elementor-content-item elementor-animated-item--grow\">\n\t\t\t\t\t\tEn-ligne\t\t\t\t\t<\/h2>\n\t\t\t\t\n\t\t\t\t\t\t\t\t\t<div class=\"elementor-cta__description elementor-cta__content-item elementor-content-item elementor-animated-item--grow\">\n\t\t\t\t\t\tListe des fournisseurs de formation en ligne (bureaux au Canada)\t\t\t\t\t<\/div>\n\t\t\t\t\n\t\t\t\t\t\t\t\t\t<div class=\"elementor-cta__button-wrapper elementor-cta__content-item elementor-content-item elementor-animated-item--grow\">\n\t\t\t\t\t<span class=\"elementor-cta__button elementor-button elementor-size-\">\n\t\t\t\t\t\tCliquez ici\t\t\t\t\t<\/span>\n\t\t\t\t\t<\/div>\n\t\t\t\t\t\t\t<\/div>\n\t\t\t\t\t\t<\/a>\n\t\t\t\t\t\t<\/div>\n\t\t\t\t<\/div>\n\t\t\t\t\t<\/div>\n\t\t<\/div>\n\t\t\t\t<div class=\"elementor-column elementor-col-33 elementor-inner-column elementor-element elementor-element-bdcdd39\" data-id=\"bdcdd39\" data-element_type=\"column\" data-e-type=\"column\">\n\t\t\t<div class=\"elementor-widget-wrap elementor-element-populated\">\n\t\t\t\t\t\t<div class=\"elementor-element elementor-element-b1eae96 elementor-cta--skin-cover elementor-cta--valign-top elementor-animated-content elementor-bg-transform elementor-bg-transform-zoom-in elementor-widget elementor-widget-call-to-action\" data-id=\"b1eae96\" data-element_type=\"widget\" data-e-type=\"widget\" data-widget_type=\"call-to-action.default\">\n\t\t\t\t<div class=\"elementor-widget-container\">\n\t\t\t\t\t\t\t<a class=\"elementor-cta\" href=\"https:\/\/farmtalkcare.ca\/fr\/orientation-et-formation-des-travailleurs-agricoles\/travail-securitaire-nb-fournisseurs-de-formation-en-secourisme\/\">\n\t\t\t\t\t<div class=\"elementor-cta__bg-wrapper\">\n\t\t\t\t<div class=\"elementor-cta__bg elementor-bg\" style=\"background-image: url(https:\/\/farmtalkcare.ca\/wp-content\/uploads\/2025\/09\/Untitled-design-5-14-768x768.jpg);\" role=\"img\" aria-label=\"Untitled-design-(5)-14\"><\/div>\n\t\t\t\t<div class=\"elementor-cta__bg-overlay\"><\/div>\n\t\t\t<\/div>\n\t\t\t\t\t\t\t<div class=\"elementor-cta__content\">\n\t\t\t\t\n\t\t\t\t\t\t\t\t\t<h2 class=\"elementor-cta__title elementor-cta__content-item elementor-content-item elementor-animated-item--grow\">\n\t\t\t\t\t\tPremiers soins\t\t\t\t\t<\/h2>\n\t\t\t\t\n\t\t\t\t\t\t\t\t\t<div class=\"elementor-cta__description elementor-cta__content-item elementor-content-item elementor-animated-item--grow\">\n\t\t\t\t\t\tListe de fournisseurs de formation en secourisme de Travail s\u00e9curitaire NB\t\t\t\t\t<\/div>\n\t\t\t\t\n\t\t\t\t\t\t\t\t\t<div class=\"elementor-cta__button-wrapper elementor-cta__content-item elementor-content-item elementor-animated-item--grow\">\n\t\t\t\t\t<span class=\"elementor-cta__button elementor-button elementor-size-\">\n\t\t\t\t\t\tCliquez ici\t\t\t\t\t<\/span>\n\t\t\t\t\t<\/div>\n\t\t\t\t\t\t\t<\/div>\n\t\t\t\t\t\t<\/a>\n\t\t\t\t\t\t<\/div>\n\t\t\t\t<\/div>\n\t\t\t\t\t<\/div>\n\t\t<\/div>\n\t\t\t\t\t<\/div>\n\t\t<\/section>\n\t\t\t\t\t<\/div>\n\t\t<\/div>\n\t\t\t\t\t<\/div>\n\t\t<\/section>\n\t\t\t\t<section class=\"elementor-section elementor-top-section elementor-element elementor-element-b7315d8 elementor-section-boxed elementor-section-height-default elementor-section-height-default\" data-id=\"b7315d8\" data-element_type=\"section\" data-e-type=\"section\">\n\t\t\t\t\t\t<div class=\"elementor-container elementor-column-gap-default\">\n\t\t\t\t\t<div class=\"elementor-column elementor-col-100 elementor-top-column elementor-element elementor-element-08d1cfd\" data-id=\"08d1cfd\" data-element_type=\"column\" data-e-type=\"column\">\n\t\t\t<div class=\"elementor-widget-wrap elementor-element-populated\">\n\t\t\t\t\t\t<section class=\"elementor-section elementor-inner-section elementor-element elementor-element-ecf62ac elementor-section-boxed elementor-section-height-default elementor-section-height-default\" data-id=\"ecf62ac\" data-element_type=\"section\" data-e-type=\"section\" data-settings=\"{&quot;background_background&quot;:&quot;classic&quot;}\">\n\t\t\t\t\t\t<div class=\"elementor-container elementor-column-gap-default\">\n\t\t\t\t\t<div class=\"elementor-column elementor-col-50 elementor-inner-column elementor-element elementor-element-4fea8d3\" data-id=\"4fea8d3\" data-element_type=\"column\" data-e-type=\"column\" data-settings=\"{&quot;background_background&quot;:&quot;classic&quot;}\">\n\t\t\t<div class=\"elementor-widget-wrap elementor-element-populated\">\n\t\t\t\t\t\t<div class=\"elementor-element elementor-element-a017498 elementor-widget elementor-widget-heading\" data-id=\"a017498\" data-element_type=\"widget\" data-e-type=\"widget\" data-widget_type=\"heading.default\">\n\t\t\t\t<div class=\"elementor-widget-container\">\n\t\t\t\t\t<h2 class=\"elementor-heading-title elementor-size-default\">Initiation des nouveaux employ\u00e9s<\/h2>\t\t\t\t<\/div>\n\t\t\t\t<\/div>\n\t\t\t\t<div class=\"elementor-element elementor-element-f90c95a elementor-widget elementor-widget-text-editor\" data-id=\"f90c95a\" data-element_type=\"widget\" data-e-type=\"widget\" data-widget_type=\"text-editor.default\">\n\t\t\t\t<div class=\"elementor-widget-container\">\n\t\t\t\t\t\t\t\t\t<div class=\"elementToProof\">Un bon d\u00e9part donne le ton pour la suite. Une initiation approfondie des nouveaux employ\u00e9s n&rsquo;est pas une simple formalit\u00e9 : c&rsquo;est une \u00e9tape cruciale pour constituer, d\u00e8s le premier jour, un personnel s\u00fbr, bien inform\u00e9 et confiant.<\/div><div class=\"elementToProof\">\u00a0<\/div><div class=\"elementToProof\">Cette liste de contr\u00f4le pour <b>l&rsquo;orientation des nouveaux employ\u00e9s <\/b>permet de s&rsquo;assurer que tous les sujets essentiels sont abord\u00e9s avec les nouvelles recrues avant qu&rsquo;elles ne commencent \u00e0 travailler, en particulier dans les environnements dangereux. Bas\u00e9e sur la l\u00e9gislation du Nouveau-Brunswick en mati\u00e8re de sant\u00e9 et de s\u00e9curit\u00e9 au travail, elle aide les employeurs \u00e0 respecter les exigences tout en mettant en place un processus d&rsquo;int\u00e9gration coh\u00e9rent et document\u00e9.<\/div><div class=\"elementToProof\">\u00a0<\/div><div class=\"elementToProof\">Utilisez cette liste de contr\u00f4le comme preuve de la formation initiale et adaptez-la pour y inclure les attentes de votre lieu de travail, telles que les politiques, les proc\u00e9dures et les d\u00e9tails sp\u00e9cifiques au poste. Plus important encore, elle souligne que les employ\u00e9s doivent \u00eatre correctement form\u00e9s, \u00e9quip\u00e9s et supervis\u00e9s avant d\u2019utiliser tout \u00e9quipement ou toute machine.<\/div><div class=\"elementToProof\">\u00a0<\/div><div class=\"elementToProof\">Prendre le temps de former correctement les employ\u00e9s permet de pr\u00e9venir les blessures, et renforce la confiance d\u00e8s le premier jour.<\/div>\t\t\t\t\t\t\t\t<\/div>\n\t\t\t\t<\/div>\n\t\t\t\t<div class=\"elementor-element elementor-element-9629818 elementor-align-center elementor-widget elementor-widget-button\" data-id=\"9629818\" data-element_type=\"widget\" data-e-type=\"widget\" data-widget_type=\"button.default\">\n\t\t\t\t<div class=\"elementor-widget-container\">\n\t\t\t\t\t\t\t\t\t<div class=\"elementor-button-wrapper\">\n\t\t\t\t\t<a class=\"elementor-button elementor-button-link elementor-size-sm\" href=\"https:\/\/farmtalkcare.ca\/wp-content\/uploads\/2026\/04\/Orientation-des-nouveaux-employes-FR_Apr-2026.pdf\">\n\t\t\t\t\t\t<span class=\"elementor-button-content-wrapper\">\n\t\t\t\t\t\t<span class=\"elementor-button-icon\">\n\t\t\t\t<i aria-hidden=\"true\" class=\"fas fa-download\"><\/i>\t\t\t<\/span>\n\t\t\t\t\t\t\t\t\t<span class=\"elementor-button-text\">T\u00e9l\u00e9charger le document<\/span>\n\t\t\t\t\t<\/span>\n\t\t\t\t\t<\/a>\n\t\t\t\t<\/div>\n\t\t\t\t\t\t\t\t<\/div>\n\t\t\t\t<\/div>\n\t\t\t\t\t<\/div>\n\t\t<\/div>\n\t\t\t\t<div class=\"elementor-column elementor-col-50 elementor-inner-column elementor-element elementor-element-ef5bf96\" data-id=\"ef5bf96\" data-element_type=\"column\" data-e-type=\"column\">\n\t\t\t<div class=\"elementor-widget-wrap elementor-element-populated\">\n\t\t\t\t\t\t<div class=\"elementor-element elementor-element-b12334d elementor-widget elementor-widget-shortcode\" data-id=\"b12334d\" data-element_type=\"widget\" data-e-type=\"widget\" data-widget_type=\"shortcode.default\">\n\t\t\t\t<div class=\"elementor-widget-container\">\n\t\t\t\t\t\t\t<div class=\"elementor-shortcode\"><a href=\"https:\/\/farmtalkcare.ca\/wp-content\/uploads\/2026\/04\/Orientation-des-nouveaux-employes-FR_Apr-2026.pdf\" class=\"pdfemb-viewer\" style=\"\" data-width=\"max\" data-height=\"max\" data-toolbar=\"both\" data-toolbar-fixed=\"on\">Orientation-des-nouveaux-employes-FR_Apr-2026<\/a><\/div>\n\t\t\t\t\t\t<\/div>\n\t\t\t\t<\/div>\n\t\t\t\t\t<\/div>\n\t\t<\/div>\n\t\t\t\t\t<\/div>\n\t\t<\/section>\n\t\t\t\t\t<\/div>\n\t\t<\/div>\n\t\t\t\t\t<\/div>\n\t\t<\/section>\n\t\t\t\t<section class=\"elementor-section elementor-top-section elementor-element elementor-element-5ff08777 elementor-section-boxed elementor-section-height-default elementor-section-height-default\" data-id=\"5ff08777\" data-element_type=\"section\" data-e-type=\"section\">\n\t\t\t\t\t\t<div class=\"elementor-container elementor-column-gap-default\">\n\t\t\t\t\t<div class=\"elementor-column elementor-col-100 elementor-top-column elementor-element elementor-element-f49d43\" data-id=\"f49d43\" data-element_type=\"column\" data-e-type=\"column\">\n\t\t\t<div class=\"elementor-widget-wrap elementor-element-populated\">\n\t\t\t\t\t\t<div class=\"elementor-element elementor-element-4efd16d8 elementor-widget elementor-widget-text-editor\" data-id=\"4efd16d8\" data-element_type=\"widget\" data-e-type=\"widget\" data-widget_type=\"text-editor.default\">\n\t\t\t\t<div class=\"elementor-widget-container\">\n\t\t\t\t\t\t\t\t\t<h3>Besoin de parler ? En d\u00e9tresse ou inquiet pour quelqu&rsquo;un ?<\/h3>\n<p>Appelez la ligne de crise du <strong><a href=\"https:\/\/ccaw.ca\/reseau-national-pour-le-bien-etre-des-agriculteurs\/\" target=\"_blank\" rel=\"noopener\">R\u00e9seau national pour le mieux-\u00eatre des agriculteurs (National Farmer Wellness Network)<\/a><\/strong> au <b data-path-to-node=\"3\" data-index-in-node=\"119\">1-866-FARMS01 (1-866-327-6701)<\/b>, \u00e0 tout moment, tous les jours de l&rsquo;ann\u00e9e | Appelez ou textez le <b data-path-to-node=\"3\" data-index-in-node=\"215\">9-8-8<\/b>. | <strong><a href=\"https:\/\/farmtalkcare.ca\/fr\/soins\/\" target=\"_blank\" rel=\"noopener\">Trouvez d&rsquo;autres services de crise et num\u00e9ros d&rsquo;aide ici<\/a><\/strong>..<\/p>\n<p><em> <b data-path-to-node=\"4\" data-index-in-node=\"0\">Remarque :<\/b> Les informations contenues sur ce site Web ne sont pas destin\u00e9es \u00e0 remplacer les conseils, le diagnostic ou le traitement d&rsquo;un professionnel de la sant\u00e9. Si vous vivez une urgence, composez le <b data-path-to-node=\"4\" data-index-in-node=\"204\">911<\/b> ou rendez-vous \u00e0 l&rsquo;urgence de votre localit\u00e9.<\/em><\/p>\t\t\t\t\t\t\t\t<\/div>\n\t\t\t\t<\/div>\n\t\t\t\t\t<\/div>\n\t\t<\/div>\n\t\t\t\t\t<\/div>\n\t\t<\/section>\n\t\t\t\t<\/div>\n\t\t","protected":false},"excerpt":{"rendered":"<p>Orientation et formation des travailleurs agricoles Liste des fournisseurs de formation En pr\u00e9sentiel Liste des fournisseurs de formation en sant\u00e9 et s\u00e9curit\u00e9 en pr\u00e9sentiel au N.-B. Cliquez ici En-ligne Liste des fournisseurs de formation en ligne (bureaux au Canada) Cliquez ici Premiers soins Liste de fournisseurs de formation en secourisme de Travail s\u00e9curitaire NB Cliquez [&hellip;]<\/p>\n","protected":false},"author":1,"featured_media":0,"parent":3865,"menu_order":0,"comment_status":"closed","ping_status":"closed","template":"","meta":{"footnotes":""},"class_list":["post-3848","page","type-page","status-publish","hentry"],"_links":{"self":[{"href":"https:\/\/farmtalkcare.ca\/fr\/wp-json\/wp\/v2\/pages\/3848","targetHints":{"allow":["GET"]}}],"collection":[{"href":"https:\/\/farmtalkcare.ca\/fr\/wp-json\/wp\/v2\/pages"}],"about":[{"href":"https:\/\/farmtalkcare.ca\/fr\/wp-json\/wp\/v2\/types\/page"}],"author":[{"embeddable":true,"href":"https:\/\/farmtalkcare.ca\/fr\/wp-json\/wp\/v2\/users\/1"}],"replies":[{"embeddable":true,"href":"https:\/\/farmtalkcare.ca\/fr\/wp-json\/wp\/v2\/comments?post=3848"}],"version-history":[{"count":16,"href":"https:\/\/farmtalkcare.ca\/fr\/wp-json\/wp\/v2\/pages\/3848\/revisions"}],"predecessor-version":[{"id":4048,"href":"https:\/\/farmtalkcare.ca\/fr\/wp-json\/wp\/v2\/pages\/3848\/revisions\/4048"}],"up":[{"embeddable":true,"href":"https:\/\/farmtalkcare.ca\/fr\/wp-json\/wp\/v2\/pages\/3865"}],"wp:attachment":[{"href":"https:\/\/farmtalkcare.ca\/fr\/wp-json\/wp\/v2\/media?parent=3848"}],"curies":[{"name":"wp","href":"https:\/\/api.w.org\/{rel}","templated":true}]}}