{"id":2415,"date":"2025-09-02T13:34:25","date_gmt":"2025-09-02T17:34:25","guid":{"rendered":"https:\/\/farmtalkcare.ca\/soins\/trouver-un-conseiller-choix\/tiffany-wilkie\/"},"modified":"2025-09-30T13:02:28","modified_gmt":"2025-09-30T17:02:28","slug":"tiffany-wilkie","status":"publish","type":"page","link":"https:\/\/farmtalkcare.ca\/fr\/soins\/trouver-un-conseiller-choix\/tiffany-wilkie\/","title":{"rendered":"Tiffany Wilkie"},"content":{"rendered":"\t\t<div data-elementor-type=\"wp-page\" data-elementor-id=\"2415\" class=\"elementor elementor-2415 elementor-2107\" data-elementor-post-type=\"page\">\n\t\t\t\t\t\t<section class=\"elementor-section elementor-top-section elementor-element elementor-element-780e14a7 elementor-section-height-min-height elementor-section-items-top elementor-section-boxed elementor-section-height-default\" data-id=\"780e14a7\" data-element_type=\"section\" data-e-type=\"section\" data-settings=\"{&quot;background_background&quot;:&quot;classic&quot;}\">\n\t\t\t\t\t\t<div class=\"elementor-container elementor-column-gap-default\">\n\t\t\t\t\t<div class=\"elementor-column elementor-col-50 elementor-top-column elementor-element elementor-element-647c9cfa\" data-id=\"647c9cfa\" data-element_type=\"column\" data-e-type=\"column\">\n\t\t\t<div class=\"elementor-widget-wrap elementor-element-populated\">\n\t\t\t\t\t\t<div class=\"elementor-element elementor-element-7fe4c1b0 elementor-widget elementor-widget-heading\" data-id=\"7fe4c1b0\" data-element_type=\"widget\" data-e-type=\"widget\" data-widget_type=\"heading.default\">\n\t\t\t\t<div class=\"elementor-widget-container\">\n\t\t\t\t\t<h1 class=\"elementor-heading-title elementor-size-default\">Trouver un<\/h1>\t\t\t\t<\/div>\n\t\t\t\t<\/div>\n\t\t\t\t<div class=\"elementor-element elementor-element-548cad2d elementor-widget elementor-widget-heading\" data-id=\"548cad2d\" data-element_type=\"widget\" data-e-type=\"widget\" data-widget_type=\"heading.default\">\n\t\t\t\t<div class=\"elementor-widget-container\">\n\t\t\t\t\t<h1 class=\"elementor-heading-title elementor-size-default\">conseiller<\/h1>\t\t\t\t<\/div>\n\t\t\t\t<\/div>\n\t\t\t\t\t<\/div>\n\t\t<\/div>\n\t\t\t\t<div class=\"elementor-column elementor-col-50 elementor-top-column elementor-element elementor-element-5b4aed85\" data-id=\"5b4aed85\" data-element_type=\"column\" data-e-type=\"column\">\n\t\t\t<div class=\"elementor-widget-wrap\">\n\t\t\t\t\t\t\t<\/div>\n\t\t<\/div>\n\t\t\t\t\t<\/div>\n\t\t<\/section>\n\t\t\t\t<section class=\"elementor-section elementor-top-section elementor-element elementor-element-2da5ac32 elementor-section-boxed elementor-section-height-default elementor-section-height-default\" data-id=\"2da5ac32\" data-element_type=\"section\" data-e-type=\"section\">\n\t\t\t\t\t\t<div class=\"elementor-container elementor-column-gap-default\">\n\t\t\t\t\t<div class=\"elementor-column elementor-col-100 elementor-top-column elementor-element elementor-element-7c696fa2\" data-id=\"7c696fa2\" data-element_type=\"column\" data-e-type=\"column\">\n\t\t\t<div class=\"elementor-widget-wrap elementor-element-populated\">\n\t\t\t\t\t\t<section class=\"elementor-section elementor-inner-section elementor-element elementor-element-dccd02f elementor-section-boxed elementor-section-height-default elementor-section-height-default\" data-id=\"dccd02f\" data-element_type=\"section\" data-e-type=\"section\">\n\t\t\t\t\t\t<div class=\"elementor-container elementor-column-gap-default\">\n\t\t\t\t\t<div class=\"elementor-column elementor-col-50 elementor-inner-column elementor-element elementor-element-973a245\" data-id=\"973a245\" data-element_type=\"column\" data-e-type=\"column\">\n\t\t\t<div class=\"elementor-widget-wrap elementor-element-populated\">\n\t\t\t\t\t\t<div class=\"elementor-element elementor-element-241c121 elementor-widget elementor-widget-image\" data-id=\"241c121\" data-element_type=\"widget\" data-e-type=\"widget\" data-widget_type=\"image.default\">\n\t\t\t\t<div class=\"elementor-widget-container\">\n\t\t\t\t\t\t\t\t\t\t\t\t\t\t\t<img fetchpriority=\"high\" decoding=\"async\" width=\"320\" height=\"400\" src=\"https:\/\/farmtalkcare.ca\/wp-content\/uploads\/2025\/09\/tiffany.jpeg\" class=\"attachment-large size-large wp-image-2087\" alt=\"\" srcset=\"https:\/\/farmtalkcare.ca\/wp-content\/uploads\/2025\/09\/tiffany.jpeg 320w, https:\/\/farmtalkcare.ca\/wp-content\/uploads\/2025\/09\/tiffany-240x300.jpeg 240w\" sizes=\"(max-width: 320px) 100vw, 320px\" \/>\t\t\t\t\t\t\t\t\t\t\t\t\t\t\t<\/div>\n\t\t\t\t<\/div>\n\t\t\t\t\t<\/div>\n\t\t<\/div>\n\t\t\t\t<div class=\"elementor-column elementor-col-50 elementor-inner-column elementor-element elementor-element-012cebb\" data-id=\"012cebb\" data-element_type=\"column\" data-e-type=\"column\">\n\t\t\t<div class=\"elementor-widget-wrap elementor-element-populated\">\n\t\t\t\t\t\t<div class=\"elementor-element elementor-element-55c63d00 elementor-widget elementor-widget-heading\" data-id=\"55c63d00\" data-element_type=\"widget\" data-e-type=\"widget\" data-widget_type=\"heading.default\">\n\t\t\t\t<div class=\"elementor-widget-container\">\n\t\t\t\t\t<h2 class=\"elementor-heading-title elementor-size-default\">Tiffany Wilkie<\/h2>\t\t\t\t<\/div>\n\t\t\t\t<\/div>\n\t\t\t\t<div class=\"elementor-element elementor-element-c2e45c0 elementor-widget elementor-widget-text-editor\" data-id=\"c2e45c0\" data-element_type=\"widget\" data-e-type=\"widget\" data-widget_type=\"text-editor.default\">\n\t\t\t\t<div class=\"elementor-widget-container\">\n\t\t\t\t\t\t\t\t\t<p>Travailleuse sociale agr\u00e9\u00e9 (TSA); Ma\u00eetrise en travail social, Baccalaur\u00e9at en travail social, Baccalaur\u00e9at en psychologie<\/p>\t\t\t\t\t\t\t\t<\/div>\n\t\t\t\t<\/div>\n\t\t\t\t<div class=\"elementor-element elementor-element-e9ca8bc elementor-icon-list--layout-traditional elementor-list-item-link-full_width elementor-widget elementor-widget-icon-list\" data-id=\"e9ca8bc\" data-element_type=\"widget\" data-e-type=\"widget\" data-widget_type=\"icon-list.default\">\n\t\t\t\t<div class=\"elementor-widget-container\">\n\t\t\t\t\t\t\t<ul class=\"elementor-icon-list-items\">\n\t\t\t\t\t\t\t<li class=\"elementor-icon-list-item\">\n\t\t\t\t\t\t\t\t\t\t\t<a href=\"http:\/\/+1-506-706-5521\">\n\n\t\t\t\t\t\t\t\t\t\t\t\t<span class=\"elementor-icon-list-icon\">\n\t\t\t\t\t\t\t<i aria-hidden=\"true\" class=\"fas fa-phone-alt\"><\/i>\t\t\t\t\t\t<\/span>\n\t\t\t\t\t\t\t\t\t\t<span class=\"elementor-icon-list-text\">506-869-1347<\/span>\n\t\t\t\t\t\t\t\t\t\t\t<\/a>\n\t\t\t\t\t\t\t\t\t<\/li>\n\t\t\t\t\t\t\t\t<li class=\"elementor-icon-list-item\">\n\t\t\t\t\t\t\t\t\t\t\t<a href=\"mailto:tiffany@tiffanywilkiersw.com\">\n\n\t\t\t\t\t\t\t\t\t\t\t\t<span class=\"elementor-icon-list-icon\">\n\t\t\t\t\t\t\t<i aria-hidden=\"true\" class=\"fas fa-envelope\"><\/i>\t\t\t\t\t\t<\/span>\n\t\t\t\t\t\t\t\t\t\t<span class=\"elementor-icon-list-text\">tiffany@tiffanywilkiersw.com<\/span>\n\t\t\t\t\t\t\t\t\t\t\t<\/a>\n\t\t\t\t\t\t\t\t\t<\/li>\n\t\t\t\t\t\t\t\t<li class=\"elementor-icon-list-item\">\n\t\t\t\t\t\t\t\t\t\t\t<a href=\"https:\/\/tiffanywilkiersw.janeapp.com\/#staff_member\/1\">\n\n\t\t\t\t\t\t\t\t\t\t\t\t<span class=\"elementor-icon-list-icon\">\n\t\t\t\t\t\t\t<i aria-hidden=\"true\" class=\"fas fa-globe\"><\/i>\t\t\t\t\t\t<\/span>\n\t\t\t\t\t\t\t\t\t\t<span class=\"elementor-icon-list-text\">https:\/\/tiffanywilkiersw.janeapp.com<\/span>\n\t\t\t\t\t\t\t\t\t\t\t<\/a>\n\t\t\t\t\t\t\t\t\t<\/li>\n\t\t\t\t\t\t\t\t<li class=\"elementor-icon-list-item\">\n\t\t\t\t\t\t\t\t\t\t\t<span class=\"elementor-icon-list-icon\">\n\t\t\t\t\t\t\t<i aria-hidden=\"true\" class=\"fas fa-map-marker-alt\"><\/i>\t\t\t\t\t\t<\/span>\n\t\t\t\t\t\t\t\t\t\t<span class=\"elementor-icon-list-text\">Moncton, N.-B.<\/span>\n\t\t\t\t\t\t\t\t\t<\/li>\n\t\t\t\t\t\t<\/ul>\n\t\t\t\t\t\t<\/div>\n\t\t\t\t<\/div>\n\t\t\t\t<div class=\"elementor-element elementor-element-647e984 elementor-widget elementor-widget-text-editor\" data-id=\"647e984\" data-element_type=\"widget\" data-e-type=\"widget\" data-widget_type=\"text-editor.default\">\n\t\t\t\t<div class=\"elementor-widget-container\">\n\t\t\t\t\t\t\t\t\t<p><span style=\"color: #69a032;\"><strong>Langue :<\/strong><\/span> Les sessions sont propos\u00e9es en anglais \u00e0 tous les \u00e2ges.<br \/><span style=\"color: #69a032;\"><strong>Format de service :<\/strong><\/span> En personne ou virtuellement<\/p><p>Bienvenue ! Je suis une travailleuse sociale agr\u00e9\u00e9e de l&rsquo;\u00cele-du-Prince-\u00c9douard et j&rsquo;ai grandi dans une famille d&rsquo;agriculteurs multig\u00e9n\u00e9rationnelle. Grandir dans cet environnement m&rsquo;a donn\u00e9 une compr\u00e9hension profonde des pressions uniques qui accompagnent l&rsquo;agriculture et la vie rurale\u2014de longues heures, des contraintes financi\u00e8res et des exigences constantes qui peuvent avoir un impact sur la sant\u00e9 mentale et les relations familiales.<\/p><p>Dans ma pratique, je soutiens les individus et les familles confront\u00e9s au stress, \u00e0 l&rsquo;anxi\u00e9t\u00e9, au deuil, aux d\u00e9fis relationnels, aux traumatismes et aux transitions de vie majeures telles que la s\u00e9paration ou la perte. Je m&rsquo;appuie sur des approches pratiques et fond\u00e9es sur des preuves pour aider les gens \u00e0 trouver des outils qui fonctionnent dans leur vie quotidienne\u2014que ce soit pour g\u00e9rer le stress, am\u00e9liorer la communication ou traverser des p\u00e9riodes difficiles avec plus de facilit\u00e9.<\/p><p>Mon approche est terre-\u00e0-terre et soutenante. Je m&rsquo;efforce de cr\u00e9er un espace o\u00f9 les clients se sentent \u00e0 l&rsquo;aise, compris et respect\u00e9s. Ensemble, nous nous appuierons sur vos forces et trouverons des \u00e9tapes r\u00e9alistes pour que vous vous sentiez plus ancr\u00e9, soutenu et en contr\u00f4le de votre vie.<\/p>\t\t\t\t\t\t\t\t<\/div>\n\t\t\t\t<\/div>\n\t\t\t\t\t<\/div>\n\t\t<\/div>\n\t\t\t\t\t<\/div>\n\t\t<\/section>\n\t\t\t\t\t<\/div>\n\t\t<\/div>\n\t\t\t\t\t<\/div>\n\t\t<\/section>\n\t\t\t\t<section class=\"elementor-section elementor-top-section elementor-element elementor-element-1c68c44 elementor-section-boxed elementor-section-height-default elementor-section-height-default\" data-id=\"1c68c44\" data-element_type=\"section\" data-e-type=\"section\" data-settings=\"{&quot;background_background&quot;:&quot;classic&quot;}\">\n\t\t\t\t\t\t<div class=\"elementor-container elementor-column-gap-default\">\n\t\t\t\t\t<div class=\"elementor-column elementor-col-100 elementor-top-column elementor-element elementor-element-1cc11dc\" data-id=\"1cc11dc\" data-element_type=\"column\" data-e-type=\"column\">\n\t\t\t<div class=\"elementor-widget-wrap elementor-element-populated\">\n\t\t\t\t\t\t<section class=\"elementor-section elementor-inner-section elementor-element elementor-element-dc99d58 elementor-section-boxed elementor-section-height-default elementor-section-height-default\" data-id=\"dc99d58\" data-element_type=\"section\" data-e-type=\"section\">\n\t\t\t\t\t\t<div class=\"elementor-container elementor-column-gap-default\">\n\t\t\t\t\t<div class=\"elementor-column elementor-col-100 elementor-inner-column elementor-element elementor-element-0fb64ac\" data-id=\"0fb64ac\" data-element_type=\"column\" data-e-type=\"column\">\n\t\t\t<div class=\"elementor-widget-wrap elementor-element-populated\">\n\t\t\t\t\t\t<div class=\"elementor-element elementor-element-e09a812 elementor-widget elementor-widget-heading\" data-id=\"e09a812\" data-element_type=\"widget\" data-e-type=\"widget\" data-widget_type=\"heading.default\">\n\t\t\t\t<div class=\"elementor-widget-container\">\n\t\t\t\t\t<h2 class=\"elementor-heading-title elementor-size-default\">Ensemble, nous pouvons briser la stigmatisation et renforcer le soutien \u00e0 ceux et celles qui nourrissent le Nouveau-Brunswick.<\/h2>\t\t\t\t<\/div>\n\t\t\t\t<\/div>\n\t\t\t\t<div class=\"elementor-element elementor-element-ae184b2 elementor-align-center elementor-widget elementor-widget-button\" data-id=\"ae184b2\" data-element_type=\"widget\" data-e-type=\"widget\" data-widget_type=\"button.default\">\n\t\t\t\t<div class=\"elementor-widget-container\">\n\t\t\t\t\t\t\t\t\t<div class=\"elementor-button-wrapper\">\n\t\t\t\t\t<a class=\"elementor-button elementor-button-link elementor-size-sm\" href=\"https:\/\/farmtalkcare.ca\/fr\/\">\n\t\t\t\t\t\t<span class=\"elementor-button-content-wrapper\">\n\t\t\t\t\t\t\t\t\t<span class=\"elementor-button-text\">En savoir plus<\/span>\n\t\t\t\t\t<\/span>\n\t\t\t\t\t<\/a>\n\t\t\t\t<\/div>\n\t\t\t\t\t\t\t\t<\/div>\n\t\t\t\t<\/div>\n\t\t\t\t<div class=\"elementor-element elementor-element-0d3e46a elementor-widget elementor-widget-image\" data-id=\"0d3e46a\" data-element_type=\"widget\" data-e-type=\"widget\" data-widget_type=\"image.default\">\n\t\t\t\t<div class=\"elementor-widget-container\">\n\t\t\t\t\t\t\t\t\t\t\t\t\t\t\t<img decoding=\"async\" width=\"624\" height=\"108\" src=\"https:\/\/farmtalkcare.ca\/wp-content\/uploads\/2025\/06\/Picture1.jpg\" class=\"attachment-large size-large wp-image-2002\" alt=\"\" srcset=\"https:\/\/farmtalkcare.ca\/wp-content\/uploads\/2025\/06\/Picture1.jpg 624w, https:\/\/farmtalkcare.ca\/wp-content\/uploads\/2025\/06\/Picture1-300x52.jpg 300w\" sizes=\"(max-width: 624px) 100vw, 624px\" \/>\t\t\t\t\t\t\t\t\t\t\t\t\t\t\t<\/div>\n\t\t\t\t<\/div>\n\t\t\t\t\t<\/div>\n\t\t<\/div>\n\t\t\t\t\t<\/div>\n\t\t<\/section>\n\t\t\t\t\t<\/div>\n\t\t<\/div>\n\t\t\t\t\t<\/div>\n\t\t<\/section>\n\t\t\t\t<\/div>\n\t\t","protected":false},"excerpt":{"rendered":"<p>Trouver un conseiller Tiffany Wilkie Travailleuse sociale agr\u00e9\u00e9 (TSA); Ma\u00eetrise en travail social, Baccalaur\u00e9at en travail social, Baccalaur\u00e9at en psychologie 506-869-1347 tiffany@tiffanywilkiersw.com https:\/\/tiffanywilkiersw.janeapp.com Moncton, N.-B. Langue : Les sessions sont propos\u00e9es en anglais \u00e0 tous les \u00e2ges.Format de service : En personne ou virtuellement Bienvenue ! Je suis une travailleuse sociale agr\u00e9\u00e9e de l&rsquo;\u00cele-du-Prince-\u00c9douard et [&hellip;]<\/p>\n","protected":false},"author":1,"featured_media":0,"parent":2390,"menu_order":0,"comment_status":"closed","ping_status":"closed","template":"","meta":{"footnotes":""},"class_list":["post-2415","page","type-page","status-publish","hentry"],"_links":{"self":[{"href":"https:\/\/farmtalkcare.ca\/fr\/wp-json\/wp\/v2\/pages\/2415","targetHints":{"allow":["GET"]}}],"collection":[{"href":"https:\/\/farmtalkcare.ca\/fr\/wp-json\/wp\/v2\/pages"}],"about":[{"href":"https:\/\/farmtalkcare.ca\/fr\/wp-json\/wp\/v2\/types\/page"}],"author":[{"embeddable":true,"href":"https:\/\/farmtalkcare.ca\/fr\/wp-json\/wp\/v2\/users\/1"}],"replies":[{"embeddable":true,"href":"https:\/\/farmtalkcare.ca\/fr\/wp-json\/wp\/v2\/comments?post=2415"}],"version-history":[{"count":12,"href":"https:\/\/farmtalkcare.ca\/fr\/wp-json\/wp\/v2\/pages\/2415\/revisions"}],"predecessor-version":[{"id":2544,"href":"https:\/\/farmtalkcare.ca\/fr\/wp-json\/wp\/v2\/pages\/2415\/revisions\/2544"}],"up":[{"embeddable":true,"href":"https:\/\/farmtalkcare.ca\/fr\/wp-json\/wp\/v2\/pages\/2390"}],"wp:attachment":[{"href":"https:\/\/farmtalkcare.ca\/fr\/wp-json\/wp\/v2\/media?parent=2415"}],"curies":[{"name":"wp","href":"https:\/\/api.w.org\/{rel}","templated":true}]}}