{"id":2411,"date":"2025-09-05T14:53:20","date_gmt":"2025-09-05T18:53:20","guid":{"rendered":"https:\/\/farmtalkcare.ca\/soins\/trouver-un-conseiller-choix\/michelle-brennan\/"},"modified":"2025-09-30T13:09:23","modified_gmt":"2025-09-30T17:09:23","slug":"michelle-brennan","status":"publish","type":"page","link":"https:\/\/farmtalkcare.ca\/fr\/soins\/trouver-un-conseiller-choix\/michelle-brennan\/","title":{"rendered":"Michelle Brennan"},"content":{"rendered":"\t\t<div data-elementor-type=\"wp-page\" data-elementor-id=\"2411\" class=\"elementor elementor-2411 elementor-2157\" data-elementor-post-type=\"page\">\n\t\t\t\t\t\t<section class=\"elementor-section elementor-top-section elementor-element elementor-element-780e14a7 elementor-section-height-min-height elementor-section-items-top elementor-section-boxed elementor-section-height-default\" data-id=\"780e14a7\" data-element_type=\"section\" data-e-type=\"section\" data-settings=\"{&quot;background_background&quot;:&quot;classic&quot;}\">\n\t\t\t\t\t\t<div class=\"elementor-container elementor-column-gap-default\">\n\t\t\t\t\t<div class=\"elementor-column elementor-col-50 elementor-top-column elementor-element elementor-element-647c9cfa\" data-id=\"647c9cfa\" data-element_type=\"column\" data-e-type=\"column\">\n\t\t\t<div class=\"elementor-widget-wrap elementor-element-populated\">\n\t\t\t\t\t\t<div class=\"elementor-element elementor-element-7fe4c1b0 elementor-widget elementor-widget-heading\" data-id=\"7fe4c1b0\" data-element_type=\"widget\" data-e-type=\"widget\" data-widget_type=\"heading.default\">\n\t\t\t\t<div class=\"elementor-widget-container\">\n\t\t\t\t\t<h1 class=\"elementor-heading-title elementor-size-default\">Trouver un<\/h1>\t\t\t\t<\/div>\n\t\t\t\t<\/div>\n\t\t\t\t<div class=\"elementor-element elementor-element-548cad2d elementor-widget elementor-widget-heading\" data-id=\"548cad2d\" data-element_type=\"widget\" data-e-type=\"widget\" data-widget_type=\"heading.default\">\n\t\t\t\t<div class=\"elementor-widget-container\">\n\t\t\t\t\t<h1 class=\"elementor-heading-title elementor-size-default\">conseiller<\/h1>\t\t\t\t<\/div>\n\t\t\t\t<\/div>\n\t\t\t\t\t<\/div>\n\t\t<\/div>\n\t\t\t\t<div class=\"elementor-column elementor-col-50 elementor-top-column elementor-element elementor-element-5b4aed85\" data-id=\"5b4aed85\" data-element_type=\"column\" data-e-type=\"column\">\n\t\t\t<div class=\"elementor-widget-wrap\">\n\t\t\t\t\t\t\t<\/div>\n\t\t<\/div>\n\t\t\t\t\t<\/div>\n\t\t<\/section>\n\t\t\t\t<section class=\"elementor-section elementor-top-section elementor-element elementor-element-2da5ac32 elementor-section-boxed elementor-section-height-default elementor-section-height-default\" data-id=\"2da5ac32\" data-element_type=\"section\" data-e-type=\"section\">\n\t\t\t\t\t\t<div class=\"elementor-container elementor-column-gap-default\">\n\t\t\t\t\t<div class=\"elementor-column elementor-col-100 elementor-top-column elementor-element elementor-element-7c696fa2\" data-id=\"7c696fa2\" data-element_type=\"column\" data-e-type=\"column\">\n\t\t\t<div class=\"elementor-widget-wrap elementor-element-populated\">\n\t\t\t\t\t\t<section class=\"elementor-section elementor-inner-section elementor-element elementor-element-dccd02f elementor-section-boxed elementor-section-height-default elementor-section-height-default\" data-id=\"dccd02f\" data-element_type=\"section\" data-e-type=\"section\">\n\t\t\t\t\t\t<div class=\"elementor-container elementor-column-gap-default\">\n\t\t\t\t\t<div class=\"elementor-column elementor-col-50 elementor-inner-column elementor-element elementor-element-973a245\" data-id=\"973a245\" data-element_type=\"column\" data-e-type=\"column\">\n\t\t\t<div class=\"elementor-widget-wrap elementor-element-populated\">\n\t\t\t\t\t\t<div class=\"elementor-element elementor-element-241c121 elementor-widget elementor-widget-image\" data-id=\"241c121\" data-element_type=\"widget\" data-e-type=\"widget\" data-widget_type=\"image.default\">\n\t\t\t\t<div class=\"elementor-widget-container\">\n\t\t\t\t\t\t\t\t\t\t\t\t\t\t\t<img fetchpriority=\"high\" decoding=\"async\" width=\"348\" height=\"553\" src=\"https:\/\/farmtalkcare.ca\/wp-content\/uploads\/2025\/09\/michelle-cropped.png\" class=\"attachment-large size-large wp-image-2147\" alt=\"\" srcset=\"https:\/\/farmtalkcare.ca\/wp-content\/uploads\/2025\/09\/michelle-cropped.png 348w, https:\/\/farmtalkcare.ca\/wp-content\/uploads\/2025\/09\/michelle-cropped-189x300.png 189w\" sizes=\"(max-width: 348px) 100vw, 348px\" \/>\t\t\t\t\t\t\t\t\t\t\t\t\t\t\t<\/div>\n\t\t\t\t<\/div>\n\t\t\t\t\t<\/div>\n\t\t<\/div>\n\t\t\t\t<div class=\"elementor-column elementor-col-50 elementor-inner-column elementor-element elementor-element-012cebb\" data-id=\"012cebb\" data-element_type=\"column\" data-e-type=\"column\">\n\t\t\t<div class=\"elementor-widget-wrap elementor-element-populated\">\n\t\t\t\t\t\t<div class=\"elementor-element elementor-element-55c63d00 elementor-widget elementor-widget-heading\" data-id=\"55c63d00\" data-element_type=\"widget\" data-e-type=\"widget\" data-widget_type=\"heading.default\">\n\t\t\t\t<div class=\"elementor-widget-container\">\n\t\t\t\t\t<h2 class=\"elementor-heading-title elementor-size-default\">Michelle Brennan<\/h2>\t\t\t\t<\/div>\n\t\t\t\t<\/div>\n\t\t\t\t<div class=\"elementor-element elementor-element-c2e45c0 elementor-widget elementor-widget-text-editor\" data-id=\"c2e45c0\" data-element_type=\"widget\" data-e-type=\"widget\" data-widget_type=\"text-editor.default\">\n\t\t\t\t<div class=\"elementor-widget-container\">\n\t\t\t\t\t\t\t\t\t<div class=\"elementToProof\">Psychoth\u00e9rapeute sociale, MA, MSW, BA, CCC, CT\/RTC<br \/>Travailleuse sociale inscrite (RSW); Ma\u00eetrise en travail social, Ma\u00eetrise en counseling individuel, Baccalaur\u00e9at en Travail Social, Baccalaur\u00e9at \u00e8s Arts<\/div>\t\t\t\t\t\t\t\t<\/div>\n\t\t\t\t<\/div>\n\t\t\t\t<div class=\"elementor-element elementor-element-e9ca8bc elementor-icon-list--layout-traditional elementor-list-item-link-full_width elementor-widget elementor-widget-icon-list\" data-id=\"e9ca8bc\" data-element_type=\"widget\" data-e-type=\"widget\" data-widget_type=\"icon-list.default\">\n\t\t\t\t<div class=\"elementor-widget-container\">\n\t\t\t\t\t\t\t<ul class=\"elementor-icon-list-items\">\n\t\t\t\t\t\t\t<li class=\"elementor-icon-list-item\">\n\t\t\t\t\t\t\t\t\t\t\t<a href=\"http:\/\/+15063921052\">\n\n\t\t\t\t\t\t\t\t\t\t\t\t<span class=\"elementor-icon-list-icon\">\n\t\t\t\t\t\t\t<i aria-hidden=\"true\" class=\"fas fa-phone-alt\"><\/i>\t\t\t\t\t\t<\/span>\n\t\t\t\t\t\t\t\t\t\t<span class=\"elementor-icon-list-text\">506-392-1052<\/span>\n\t\t\t\t\t\t\t\t\t\t\t<\/a>\n\t\t\t\t\t\t\t\t\t<\/li>\n\t\t\t\t\t\t\t\t<li class=\"elementor-icon-list-item\">\n\t\t\t\t\t\t\t\t\t\t\t<a href=\"mailto:michelle@florencevillewellness.ca\">\n\n\t\t\t\t\t\t\t\t\t\t\t\t<span class=\"elementor-icon-list-icon\">\n\t\t\t\t\t\t\t<i aria-hidden=\"true\" class=\"fas fa-envelope\"><\/i>\t\t\t\t\t\t<\/span>\n\t\t\t\t\t\t\t\t\t\t<span class=\"elementor-icon-list-text\">michelle@florencevillewellness.ca<\/span>\n\t\t\t\t\t\t\t\t\t\t\t<\/a>\n\t\t\t\t\t\t\t\t\t<\/li>\n\t\t\t\t\t\t\t\t<li class=\"elementor-icon-list-item\">\n\t\t\t\t\t\t\t\t\t\t\t<span class=\"elementor-icon-list-icon\">\n\t\t\t\t\t\t\t<i aria-hidden=\"true\" class=\"fas fa-map-marker-alt\"><\/i>\t\t\t\t\t\t<\/span>\n\t\t\t\t\t\t\t\t\t\t<span class=\"elementor-icon-list-text\">Florenceville-Bristol, N.-B.<\/span>\n\t\t\t\t\t\t\t\t\t<\/li>\n\t\t\t\t\t\t<\/ul>\n\t\t\t\t\t\t<\/div>\n\t\t\t\t<\/div>\n\t\t\t\t<div class=\"elementor-element elementor-element-647e984 elementor-widget elementor-widget-text-editor\" data-id=\"647e984\" data-element_type=\"widget\" data-e-type=\"widget\" data-widget_type=\"text-editor.default\">\n\t\t\t\t<div class=\"elementor-widget-container\">\n\t\t\t\t\t\t\t\t\t<p><span style=\"color: #69a032;\"><strong>Langue:<\/strong><\/span> Anglais<\/p><p><span style=\"color: #69a032;\"><strong>Service:<\/strong><\/span><\/p><ul><li data-start=\"105\" data-end=\"113\">en ligne<\/li><li data-start=\"116\" data-end=\"126\">t\u00e9l\u00e9phone<\/li><\/ul><p><span style=\"color: #69a032;\"><strong>Psychoth\u00e9rapeute social<\/strong><\/span><\/p><p>Avec plus de 20 ans d\u2019exp\u00e9rience clinique, Michelle Brennan offre des conseils \u00e9clair\u00e9s sur les traumatismes, fond\u00e9s sur l\u2019empathie, le pragmatisme et une compr\u00e9hension profonde de la vie rurale. En tant que travailleuse sociale agr\u00e9\u00e9e et conseill\u00e8re certifi\u00e9e canadienne, Michelle se sp\u00e9cialise dans la th\u00e9orie du choix et la th\u00e9rapie de la r\u00e9alit\u00e9\u2014une approche habilitante et enseignable de la sant\u00e9 mentale qui fournit aux clients des outils \u00e0 vie pour g\u00e9rer le stress, l&rsquo;anxi\u00e9t\u00e9, la d\u00e9pression, le burnout et le deuil.<\/p><p>Michelle vit et exerce \u00e0 Florenceville-Bristol, au Nouveau-Brunswick, o\u00f9 elle travaille avec des individus et des familles \u00e0 travers le comt\u00e9 de Carleton et les environs. Ses racines profondes dans la communaut\u00e9 agricole locale\u2014des producteurs de pommes de terre du c\u00f4t\u00e9 de son p\u00e8re et des producteurs laitiers du c\u00f4t\u00e9 de sa m\u00e8re\u2014lui donnent une perspective unique sur les pressions auxquelles sont confront\u00e9s ceux qui travaillent la terre. Elle comprend d\u2019exp\u00e9rience les valeurs du travail acharn\u00e9, de l\u2019autonomie et de la communaut\u00e9, ainsi que les d\u00e9fis de l\u2019isolement, de l\u2019incertitude \u00e9conomique et des attentes g\u00e9n\u00e9rationnelles courantes dans la vie agricole.<\/p><p>Offrant des services de conseil flexibles avec une pr\u00e9f\u00e9rence pour les s\u00e9ances en personne, Michelle s&rsquo;engage \u00e0 fournir des soins culturellement sensibles qui honorent l&rsquo;exp\u00e9rience v\u00e9cue des familles agricoles. Son objectif est de cr\u00e9er un espace o\u00f9 les clients se sentent en s\u00e9curit\u00e9, respect\u00e9s et habilit\u00e9s \u00e0 prendre en charge leur bien-\u00eatre \u00e9motionnel.<\/p>\t\t\t\t\t\t\t\t<\/div>\n\t\t\t\t<\/div>\n\t\t\t\t\t<\/div>\n\t\t<\/div>\n\t\t\t\t\t<\/div>\n\t\t<\/section>\n\t\t\t\t\t<\/div>\n\t\t<\/div>\n\t\t\t\t\t<\/div>\n\t\t<\/section>\n\t\t\t\t<section class=\"elementor-section elementor-top-section elementor-element elementor-element-1c68c44 elementor-section-boxed elementor-section-height-default elementor-section-height-default\" data-id=\"1c68c44\" data-element_type=\"section\" data-e-type=\"section\" data-settings=\"{&quot;background_background&quot;:&quot;classic&quot;}\">\n\t\t\t\t\t\t<div class=\"elementor-container elementor-column-gap-default\">\n\t\t\t\t\t<div class=\"elementor-column elementor-col-100 elementor-top-column elementor-element elementor-element-1cc11dc\" data-id=\"1cc11dc\" data-element_type=\"column\" data-e-type=\"column\">\n\t\t\t<div class=\"elementor-widget-wrap elementor-element-populated\">\n\t\t\t\t\t\t<section class=\"elementor-section elementor-inner-section elementor-element elementor-element-dc99d58 elementor-section-boxed elementor-section-height-default elementor-section-height-default\" data-id=\"dc99d58\" data-element_type=\"section\" data-e-type=\"section\">\n\t\t\t\t\t\t<div class=\"elementor-container elementor-column-gap-default\">\n\t\t\t\t\t<div class=\"elementor-column elementor-col-100 elementor-inner-column elementor-element elementor-element-0fb64ac\" data-id=\"0fb64ac\" data-element_type=\"column\" data-e-type=\"column\">\n\t\t\t<div class=\"elementor-widget-wrap elementor-element-populated\">\n\t\t\t\t\t\t<div class=\"elementor-element elementor-element-e09a812 elementor-widget elementor-widget-heading\" data-id=\"e09a812\" data-element_type=\"widget\" data-e-type=\"widget\" data-widget_type=\"heading.default\">\n\t\t\t\t<div class=\"elementor-widget-container\">\n\t\t\t\t\t<h2 class=\"elementor-heading-title elementor-size-default\">Ensemble, nous pouvons briser la stigmatisation et renforcer le soutien \u00e0 ceux et celles qui nourrissent le Nouveau-Brunswick.<\/h2>\t\t\t\t<\/div>\n\t\t\t\t<\/div>\n\t\t\t\t<div class=\"elementor-element elementor-element-ae184b2 elementor-align-center elementor-widget elementor-widget-button\" data-id=\"ae184b2\" data-element_type=\"widget\" data-e-type=\"widget\" data-widget_type=\"button.default\">\n\t\t\t\t<div class=\"elementor-widget-container\">\n\t\t\t\t\t\t\t\t\t<div class=\"elementor-button-wrapper\">\n\t\t\t\t\t<a class=\"elementor-button elementor-button-link elementor-size-sm\" href=\"https:\/\/farmtalkcare.ca\/fr\/\">\n\t\t\t\t\t\t<span class=\"elementor-button-content-wrapper\">\n\t\t\t\t\t\t\t\t\t<span class=\"elementor-button-text\">En savoir plus<\/span>\n\t\t\t\t\t<\/span>\n\t\t\t\t\t<\/a>\n\t\t\t\t<\/div>\n\t\t\t\t\t\t\t\t<\/div>\n\t\t\t\t<\/div>\n\t\t\t\t<div class=\"elementor-element elementor-element-0d3e46a elementor-widget elementor-widget-image\" data-id=\"0d3e46a\" data-element_type=\"widget\" data-e-type=\"widget\" data-widget_type=\"image.default\">\n\t\t\t\t<div class=\"elementor-widget-container\">\n\t\t\t\t\t\t\t\t\t\t\t\t\t\t\t<img decoding=\"async\" width=\"624\" height=\"108\" src=\"https:\/\/farmtalkcare.ca\/wp-content\/uploads\/2025\/06\/Picture1.jpg\" class=\"attachment-large size-large wp-image-2002\" alt=\"\" srcset=\"https:\/\/farmtalkcare.ca\/wp-content\/uploads\/2025\/06\/Picture1.jpg 624w, https:\/\/farmtalkcare.ca\/wp-content\/uploads\/2025\/06\/Picture1-300x52.jpg 300w\" sizes=\"(max-width: 624px) 100vw, 624px\" \/>\t\t\t\t\t\t\t\t\t\t\t\t\t\t\t<\/div>\n\t\t\t\t<\/div>\n\t\t\t\t\t<\/div>\n\t\t<\/div>\n\t\t\t\t\t<\/div>\n\t\t<\/section>\n\t\t\t\t\t<\/div>\n\t\t<\/div>\n\t\t\t\t\t<\/div>\n\t\t<\/section>\n\t\t\t\t<\/div>\n\t\t","protected":false},"excerpt":{"rendered":"<p>Trouver un conseiller Michelle Brennan Psychoth\u00e9rapeute sociale, MA, MSW, BA, CCC, CT\/RTCTravailleuse sociale inscrite (RSW); Ma\u00eetrise en travail social, Ma\u00eetrise en counseling individuel, Baccalaur\u00e9at en Travail Social, Baccalaur\u00e9at \u00e8s Arts 506-392-1052 michelle@florencevillewellness.ca Florenceville-Bristol, N.-B. Langue: Anglais Service: en ligne t\u00e9l\u00e9phone Psychoth\u00e9rapeute social Avec plus de 20 ans d\u2019exp\u00e9rience clinique, Michelle Brennan offre des conseils \u00e9clair\u00e9s [&hellip;]<\/p>\n","protected":false},"author":1,"featured_media":0,"parent":2390,"menu_order":0,"comment_status":"closed","ping_status":"closed","template":"","meta":{"footnotes":""},"class_list":["post-2411","page","type-page","status-publish","hentry"],"_links":{"self":[{"href":"https:\/\/farmtalkcare.ca\/fr\/wp-json\/wp\/v2\/pages\/2411","targetHints":{"allow":["GET"]}}],"collection":[{"href":"https:\/\/farmtalkcare.ca\/fr\/wp-json\/wp\/v2\/pages"}],"about":[{"href":"https:\/\/farmtalkcare.ca\/fr\/wp-json\/wp\/v2\/types\/page"}],"author":[{"embeddable":true,"href":"https:\/\/farmtalkcare.ca\/fr\/wp-json\/wp\/v2\/users\/1"}],"replies":[{"embeddable":true,"href":"https:\/\/farmtalkcare.ca\/fr\/wp-json\/wp\/v2\/comments?post=2411"}],"version-history":[{"count":9,"href":"https:\/\/farmtalkcare.ca\/fr\/wp-json\/wp\/v2\/pages\/2411\/revisions"}],"predecessor-version":[{"id":2550,"href":"https:\/\/farmtalkcare.ca\/fr\/wp-json\/wp\/v2\/pages\/2411\/revisions\/2550"}],"up":[{"embeddable":true,"href":"https:\/\/farmtalkcare.ca\/fr\/wp-json\/wp\/v2\/pages\/2390"}],"wp:attachment":[{"href":"https:\/\/farmtalkcare.ca\/fr\/wp-json\/wp\/v2\/media?parent=2411"}],"curies":[{"name":"wp","href":"https:\/\/api.w.org\/{rel}","templated":true}]}}