{"id":2399,"date":"2025-09-05T14:39:33","date_gmt":"2025-09-05T18:39:33","guid":{"rendered":"https:\/\/farmtalkcare.ca\/soins\/trouver-un-conseiller-choix\/bobby-gaudet\/"},"modified":"2025-09-30T13:06:29","modified_gmt":"2025-09-30T17:06:29","slug":"bobby-gaudet","status":"publish","type":"page","link":"https:\/\/farmtalkcare.ca\/fr\/soins\/trouver-un-conseiller-choix\/bobby-gaudet\/","title":{"rendered":"Bobby Gaudet"},"content":{"rendered":"\t\t<div data-elementor-type=\"wp-page\" data-elementor-id=\"2399\" class=\"elementor elementor-2399 elementor-2156\" data-elementor-post-type=\"page\">\n\t\t\t\t\t\t<section class=\"elementor-section elementor-top-section elementor-element elementor-element-780e14a7 elementor-section-height-min-height elementor-section-items-top elementor-section-boxed elementor-section-height-default\" data-id=\"780e14a7\" data-element_type=\"section\" data-e-type=\"section\" data-settings=\"{&quot;background_background&quot;:&quot;classic&quot;}\">\n\t\t\t\t\t\t<div class=\"elementor-container elementor-column-gap-default\">\n\t\t\t\t\t<div class=\"elementor-column elementor-col-50 elementor-top-column elementor-element elementor-element-647c9cfa\" data-id=\"647c9cfa\" data-element_type=\"column\" data-e-type=\"column\">\n\t\t\t<div class=\"elementor-widget-wrap elementor-element-populated\">\n\t\t\t\t\t\t<div class=\"elementor-element elementor-element-7fe4c1b0 elementor-widget elementor-widget-heading\" data-id=\"7fe4c1b0\" data-element_type=\"widget\" data-e-type=\"widget\" data-widget_type=\"heading.default\">\n\t\t\t\t<div class=\"elementor-widget-container\">\n\t\t\t\t\t<h1 class=\"elementor-heading-title elementor-size-default\">Trouver un<\/h1>\t\t\t\t<\/div>\n\t\t\t\t<\/div>\n\t\t\t\t<div class=\"elementor-element elementor-element-548cad2d elementor-widget elementor-widget-heading\" data-id=\"548cad2d\" data-element_type=\"widget\" data-e-type=\"widget\" data-widget_type=\"heading.default\">\n\t\t\t\t<div class=\"elementor-widget-container\">\n\t\t\t\t\t<h1 class=\"elementor-heading-title elementor-size-default\">conseiller<\/h1>\t\t\t\t<\/div>\n\t\t\t\t<\/div>\n\t\t\t\t\t<\/div>\n\t\t<\/div>\n\t\t\t\t<div class=\"elementor-column elementor-col-50 elementor-top-column elementor-element elementor-element-5b4aed85\" data-id=\"5b4aed85\" data-element_type=\"column\" data-e-type=\"column\">\n\t\t\t<div class=\"elementor-widget-wrap\">\n\t\t\t\t\t\t\t<\/div>\n\t\t<\/div>\n\t\t\t\t\t<\/div>\n\t\t<\/section>\n\t\t\t\t<section class=\"elementor-section elementor-top-section elementor-element elementor-element-2da5ac32 elementor-section-boxed elementor-section-height-default elementor-section-height-default\" data-id=\"2da5ac32\" data-element_type=\"section\" data-e-type=\"section\">\n\t\t\t\t\t\t<div class=\"elementor-container elementor-column-gap-default\">\n\t\t\t\t\t<div class=\"elementor-column elementor-col-100 elementor-top-column elementor-element elementor-element-7c696fa2\" data-id=\"7c696fa2\" data-element_type=\"column\" data-e-type=\"column\">\n\t\t\t<div class=\"elementor-widget-wrap elementor-element-populated\">\n\t\t\t\t\t\t<section class=\"elementor-section elementor-inner-section elementor-element elementor-element-dccd02f elementor-section-boxed elementor-section-height-default elementor-section-height-default\" data-id=\"dccd02f\" data-element_type=\"section\" data-e-type=\"section\">\n\t\t\t\t\t\t<div class=\"elementor-container elementor-column-gap-default\">\n\t\t\t\t\t<div class=\"elementor-column elementor-col-50 elementor-inner-column elementor-element elementor-element-973a245\" data-id=\"973a245\" data-element_type=\"column\" data-e-type=\"column\">\n\t\t\t<div class=\"elementor-widget-wrap elementor-element-populated\">\n\t\t\t\t\t\t<div class=\"elementor-element elementor-element-241c121 elementor-widget elementor-widget-image\" data-id=\"241c121\" data-element_type=\"widget\" data-e-type=\"widget\" data-widget_type=\"image.default\">\n\t\t\t\t<div class=\"elementor-widget-container\">\n\t\t\t\t\t\t\t\t\t\t\t\t\t\t\t<img fetchpriority=\"high\" decoding=\"async\" width=\"800\" height=\"1000\" src=\"https:\/\/farmtalkcare.ca\/wp-content\/uploads\/2025\/09\/Bobby-Marcel-Gaudet_photo.jpg\" class=\"attachment-large size-large wp-image-2145\" alt=\"\" srcset=\"https:\/\/farmtalkcare.ca\/wp-content\/uploads\/2025\/09\/Bobby-Marcel-Gaudet_photo.jpg 800w, https:\/\/farmtalkcare.ca\/wp-content\/uploads\/2025\/09\/Bobby-Marcel-Gaudet_photo-240x300.jpg 240w, https:\/\/farmtalkcare.ca\/wp-content\/uploads\/2025\/09\/Bobby-Marcel-Gaudet_photo-768x960.jpg 768w\" sizes=\"(max-width: 800px) 100vw, 800px\" \/>\t\t\t\t\t\t\t\t\t\t\t\t\t\t\t<\/div>\n\t\t\t\t<\/div>\n\t\t\t\t\t<\/div>\n\t\t<\/div>\n\t\t\t\t<div class=\"elementor-column elementor-col-50 elementor-inner-column elementor-element elementor-element-012cebb\" data-id=\"012cebb\" data-element_type=\"column\" data-e-type=\"column\">\n\t\t\t<div class=\"elementor-widget-wrap elementor-element-populated\">\n\t\t\t\t\t\t<div class=\"elementor-element elementor-element-55c63d00 elementor-widget elementor-widget-heading\" data-id=\"55c63d00\" data-element_type=\"widget\" data-e-type=\"widget\" data-widget_type=\"heading.default\">\n\t\t\t\t<div class=\"elementor-widget-container\">\n\t\t\t\t\t<h2 class=\"elementor-heading-title elementor-size-default\">Bobby Marcel Gaudet<\/h2>\t\t\t\t<\/div>\n\t\t\t\t<\/div>\n\t\t\t\t<div class=\"elementor-element elementor-element-c2e45c0 elementor-widget elementor-widget-text-editor\" data-id=\"c2e45c0\" data-element_type=\"widget\" data-e-type=\"widget\" data-widget_type=\"text-editor.default\">\n\t\t\t\t<div class=\"elementor-widget-container\">\n\t\t\t\t\t\t\t\t\t<p>Travailleuse sociale\/th\u00e9rapeute enregistr\u00e9 (RSW); Ma\u00eetrise en travail social, Baccalaur\u00e9at en travail social, Baccalaur\u00e9at en arts<\/p>\t\t\t\t\t\t\t\t<\/div>\n\t\t\t\t<\/div>\n\t\t\t\t<div class=\"elementor-element elementor-element-e9ca8bc elementor-icon-list--layout-traditional elementor-list-item-link-full_width elementor-widget elementor-widget-icon-list\" data-id=\"e9ca8bc\" data-element_type=\"widget\" data-e-type=\"widget\" data-widget_type=\"icon-list.default\">\n\t\t\t\t<div class=\"elementor-widget-container\">\n\t\t\t\t\t\t\t<ul class=\"elementor-icon-list-items\">\n\t\t\t\t\t\t\t<li class=\"elementor-icon-list-item\">\n\t\t\t\t\t\t\t\t\t\t\t<a href=\"http:\/\/+15063821717\">\n\n\t\t\t\t\t\t\t\t\t\t\t\t<span class=\"elementor-icon-list-icon\">\n\t\t\t\t\t\t\t<i aria-hidden=\"true\" class=\"fas fa-phone-alt\"><\/i>\t\t\t\t\t\t<\/span>\n\t\t\t\t\t\t\t\t\t\t<span class=\"elementor-icon-list-text\">506-382-1717<\/span>\n\t\t\t\t\t\t\t\t\t\t\t<\/a>\n\t\t\t\t\t\t\t\t\t<\/li>\n\t\t\t\t\t\t\t\t<li class=\"elementor-icon-list-item\">\n\t\t\t\t\t\t\t\t\t\t\t<a href=\"mailto:BobbyMarcelGaudet@gmail.com\">\n\n\t\t\t\t\t\t\t\t\t\t\t\t<span class=\"elementor-icon-list-icon\">\n\t\t\t\t\t\t\t<i aria-hidden=\"true\" class=\"fas fa-envelope\"><\/i>\t\t\t\t\t\t<\/span>\n\t\t\t\t\t\t\t\t\t\t<span class=\"elementor-icon-list-text\">BobbyMarcelGaudet@gmail.com<\/span>\n\t\t\t\t\t\t\t\t\t\t\t<\/a>\n\t\t\t\t\t\t\t\t\t<\/li>\n\t\t\t\t\t\t\t\t<li class=\"elementor-icon-list-item\">\n\t\t\t\t\t\t\t\t\t\t\t<span class=\"elementor-icon-list-icon\">\n\t\t\t\t\t\t\t<i aria-hidden=\"true\" class=\"fas fa-map-marker-alt\"><\/i>\t\t\t\t\t\t<\/span>\n\t\t\t\t\t\t\t\t\t\t<span class=\"elementor-icon-list-text\">Moncton, N.-B.<\/span>\n\t\t\t\t\t\t\t\t\t<\/li>\n\t\t\t\t\t\t<\/ul>\n\t\t\t\t\t\t<\/div>\n\t\t\t\t<\/div>\n\t\t\t\t<div class=\"elementor-element elementor-element-647e984 elementor-widget elementor-widget-text-editor\" data-id=\"647e984\" data-element_type=\"widget\" data-e-type=\"widget\" data-widget_type=\"text-editor.default\">\n\t\t\t\t<div class=\"elementor-widget-container\">\n\t\t\t\t\t\t\t\t\t<p><span style=\"color: #69a032;\"><strong>Langue :<\/strong><\/span> Anglais<\/p><p><span style=\"color: #69a032;\"><strong>Format de service :<\/strong><\/span><\/p><ul><li data-start=\"105\" data-end=\"113\">Service en personne<\/li><li data-start=\"105\" data-end=\"113\">t\u00e9l\u00e9phone<\/li><li data-start=\"105\" data-end=\"113\">virtuel<\/li><li data-start=\"105\" data-end=\"113\">Bureau physique : situ\u00e9 au <span style=\"color: #69a032;\"><em>Centre de psychologie et de bien-\u00eatre :<\/em><\/span> 976, rue Champlain, Dieppe, NB E1A 1P8<\/li><\/ul><p data-start=\"53\" data-end=\"469\"><span style=\"color: #69a032;\"><strong data-start=\"53\" data-end=\"107\">Bonjour, je m&rsquo;appelle Bobby. <\/strong><\/span>Je suis une travailleuse sociale agr\u00e9\u00e9e de niveau master avec plus d&rsquo;une d\u00e9cennie d&rsquo;exp\u00e9rience clinique dans les services de sant\u00e9 mentale et de toxicomanie. Tout au long de ma carri\u00e8re, j&rsquo;ai travaill\u00e9 dans divers environnements, ce qui m&rsquo;a permis de servir de nombreux groupes de personnes diff\u00e9rents.<\/p><p>J&rsquo;ai re\u00e7u une formation clinique approfondie et acquis une exp\u00e9rience pratique dans diverses modalit\u00e9s th\u00e9rapeutiques. Cela me permet de traiter efficacement une large gamme de probl\u00e8mes de sant\u00e9 mentale et de d\u00e9pendance. En tant que th\u00e9rapeute, je m&rsquo;engage \u00e0 cr\u00e9er un environnement s\u00fbr et inclusif pour tous les clients. Mon style de conseil est humaniste et ax\u00e9 sur les forces. Je me vois comme un compagnon de voyage curieux sur votre chemin, et je crois que vous \u00eates l&rsquo;expert de votre propre exp\u00e9rience v\u00e9cue.<\/p><p>Je crois qu&rsquo;une relation th\u00e9rapeutique solide est fondamentale pour une th\u00e9rapie r\u00e9ussie, et j&rsquo;en fais mon objectif principal. Je construis cette connexion gr\u00e2ce \u00e0 une authenticit\u00e9 radicale et \u00e0 l&rsquo;humour.<\/p><p>Je propose mes services parce que je crois en l&rsquo;importance du programme Ferme Parle Soins. En tant que fier N\u00e9o-Brunswickois, je crois qu&rsquo;il est crucial que nous, en tant que communaut\u00e9, soutenions nos agriculteurs et leurs familles de toutes les mani\u00e8res possibles. J&rsquo;offre mes services comme moyen de redonner et de reconna\u00eetre l&rsquo;importance du travail quotidien et des sacrifices que font les agriculteurs.<\/p><p>Cliniquement, je suis confiant dans ma capacit\u00e9 \u00e0 \u00e9tablir des relations avec des personnes de divers horizons, ce que j&rsquo;ai d\u00e9montr\u00e9 avec succ\u00e8s tout au long de ma carri\u00e8re. J&rsquo;ai \u00e9galement une exp\u00e9rience sp\u00e9cifique de travail avec des agriculteurs gr\u00e2ce \u00e0 mon poste de clinicien en sant\u00e9 mentale ambulatoire \u00e0 Sussex, NB, \u00ab\u00a0Dairy Town,\u00a0\u00bb de janvier 2017 \u00e0 f\u00e9vrier 2020. Mon s\u00e9jour l\u00e0-bas m&rsquo;a offert une formation pr\u00e9cieuse sur les facteurs de stress sp\u00e9cifiques auxquels les agriculteurs sont confront\u00e9s.<\/p><p>Je serais heureux de me connecter avec vous pour une consultation gratuite de 30 minutes afin de voir si je pourrais \u00eatre le bon choix pour vous. Si ce n&rsquo;est pas le cas, j&rsquo;esp\u00e8re que vous trouverez un th\u00e9rapeute qui pourra vous apporter le soutien que vous recherchez.<\/p>\t\t\t\t\t\t\t\t<\/div>\n\t\t\t\t<\/div>\n\t\t\t\t\t<\/div>\n\t\t<\/div>\n\t\t\t\t\t<\/div>\n\t\t<\/section>\n\t\t\t\t\t<\/div>\n\t\t<\/div>\n\t\t\t\t\t<\/div>\n\t\t<\/section>\n\t\t\t\t<section class=\"elementor-section elementor-top-section elementor-element elementor-element-a95c427 elementor-section-boxed elementor-section-height-default elementor-section-height-default\" data-id=\"a95c427\" data-element_type=\"section\" data-e-type=\"section\">\n\t\t\t\t\t\t<div class=\"elementor-container elementor-column-gap-default\">\n\t\t\t\t\t<div class=\"elementor-column elementor-col-100 elementor-top-column elementor-element elementor-element-9732daa\" data-id=\"9732daa\" data-element_type=\"column\" data-e-type=\"column\" data-settings=\"{&quot;background_background&quot;:&quot;classic&quot;}\">\n\t\t\t<div class=\"elementor-widget-wrap elementor-element-populated\">\n\t\t\t\t\t\t<section class=\"elementor-section elementor-inner-section elementor-element elementor-element-df06fab elementor-section-boxed elementor-section-height-default elementor-section-height-default\" data-id=\"df06fab\" data-element_type=\"section\" data-e-type=\"section\">\n\t\t\t\t\t\t<div class=\"elementor-container elementor-column-gap-default\">\n\t\t\t\t\t<div class=\"elementor-column elementor-col-33 elementor-inner-column elementor-element elementor-element-e4251f4\" data-id=\"e4251f4\" data-element_type=\"column\" data-e-type=\"column\">\n\t\t\t<div class=\"elementor-widget-wrap elementor-element-populated\">\n\t\t\t\t\t\t<div class=\"elementor-element elementor-element-0464ad8 elementor-widget elementor-widget-heading\" data-id=\"0464ad8\" data-element_type=\"widget\" data-e-type=\"widget\" data-widget_type=\"heading.default\">\n\t\t\t\t<div class=\"elementor-widget-container\">\n\t\t\t\t\t<h6 class=\"elementor-heading-title elementor-size-default\">Domaine de pratique :<\/h6>\t\t\t\t<\/div>\n\t\t\t\t<\/div>\n\t\t\t\t<div class=\"elementor-element elementor-element-fdce3da elementor-widget elementor-widget-text-editor\" data-id=\"fdce3da\" data-element_type=\"widget\" data-e-type=\"widget\" data-widget_type=\"text-editor.default\">\n\t\t\t\t<div class=\"elementor-widget-container\">\n\t\t\t\t\t\t\t\t\t<p>Travail social clinique (NBSAW#3348)<\/p>\t\t\t\t\t\t\t\t<\/div>\n\t\t\t\t<\/div>\n\t\t\t\t<div class=\"elementor-element elementor-element-695269d elementor-widget elementor-widget-heading\" data-id=\"695269d\" data-element_type=\"widget\" data-e-type=\"widget\" data-widget_type=\"heading.default\">\n\t\t\t\t<div class=\"elementor-widget-container\">\n\t\t\t\t\t<h6 class=\"elementor-heading-title elementor-size-default\">Client\u00e8le servie pour l'intervention th\u00e9rapeutique :<\/h6>\t\t\t\t<\/div>\n\t\t\t\t<\/div>\n\t\t\t\t<div class=\"elementor-element elementor-element-7a5a068 elementor-widget elementor-widget-text-editor\" data-id=\"7a5a068\" data-element_type=\"widget\" data-e-type=\"widget\" data-widget_type=\"text-editor.default\">\n\t\t\t\t<div class=\"elementor-widget-container\">\n\t\t\t\t\t\t\t\t\t<ul><li>Personnes \u00e2g\u00e9es (65+)<\/li><li>Adultes (20 \u00e0 65 ans)<\/li><li>Adolescents \/ Adolescentes (14 \u00e0 19 ans)<\/li><\/ul>\t\t\t\t\t\t\t\t<\/div>\n\t\t\t\t<\/div>\n\t\t\t\t\t<\/div>\n\t\t<\/div>\n\t\t\t\t<div class=\"elementor-column elementor-col-33 elementor-inner-column elementor-element elementor-element-68bc5a6\" data-id=\"68bc5a6\" data-element_type=\"column\" data-e-type=\"column\">\n\t\t\t<div class=\"elementor-widget-wrap elementor-element-populated\">\n\t\t\t\t\t\t<div class=\"elementor-element elementor-element-f020494 elementor-widget elementor-widget-heading\" data-id=\"f020494\" data-element_type=\"widget\" data-e-type=\"widget\" data-widget_type=\"heading.default\">\n\t\t\t\t<div class=\"elementor-widget-container\">\n\t\t\t\t\t<h6 class=\"elementor-heading-title elementor-size-default\">Orientation th\u00e9orique<\/h6>\t\t\t\t<\/div>\n\t\t\t\t<\/div>\n\t\t\t\t<div class=\"elementor-element elementor-element-add4f89 elementor-widget elementor-widget-text-editor\" data-id=\"add4f89\" data-element_type=\"widget\" data-e-type=\"widget\" data-widget_type=\"text-editor.default\">\n\t\t\t\t<div class=\"elementor-widget-container\">\n\t\t\t\t\t\t\t\t\t<p>Th\u00e9rapies cognitivo-comportementales (TCC, TPC, TCD, ACT)<\/p>\t\t\t\t\t\t\t\t<\/div>\n\t\t\t\t<\/div>\n\t\t\t\t<div class=\"elementor-element elementor-element-e76bb5f elementor-widget elementor-widget-heading\" data-id=\"e76bb5f\" data-element_type=\"widget\" data-e-type=\"widget\" data-widget_type=\"heading.default\">\n\t\t\t\t<div class=\"elementor-widget-container\">\n\t\t\t\t\t<h6 class=\"elementor-heading-title elementor-size-default\">Probl\u00e8mes abord\u00e9s :<\/h6>\t\t\t\t<\/div>\n\t\t\t\t<\/div>\n\t\t\t\t<div class=\"elementor-element elementor-element-f81f9e0 elementor-widget elementor-widget-text-editor\" data-id=\"f81f9e0\" data-element_type=\"widget\" data-e-type=\"widget\" data-widget_type=\"text-editor.default\">\n\t\t\t\t<div class=\"elementor-widget-container\">\n\t\t\t\t\t\t\t\t\t<p>Divers **Je propose une consultation gratuite de 30 minutes pour d\u00e9terminer si je suis la bonne personne pour vous. \u00a0\u00a0\u00a0\u00a0\u00a0<\/p><p>Discutons !<\/p>\t\t\t\t\t\t\t\t<\/div>\n\t\t\t\t<\/div>\n\t\t\t\t\t<\/div>\n\t\t<\/div>\n\t\t\t\t<div class=\"elementor-column elementor-col-33 elementor-inner-column elementor-element elementor-element-33c08bb\" data-id=\"33c08bb\" data-element_type=\"column\" data-e-type=\"column\">\n\t\t\t<div class=\"elementor-widget-wrap elementor-element-populated\">\n\t\t\t\t\t\t<div class=\"elementor-element elementor-element-13e60b7 elementor-widget elementor-widget-heading\" data-id=\"13e60b7\" data-element_type=\"widget\" data-e-type=\"widget\" data-widget_type=\"heading.default\">\n\t\t\t\t<div class=\"elementor-widget-container\">\n\t\t\t\t\t<h6 class=\"elementor-heading-title elementor-size-default\">Sp\u00e9cialisation clinique :<\/h6>\t\t\t\t<\/div>\n\t\t\t\t<\/div>\n\t\t\t\t<div class=\"elementor-element elementor-element-c927093 elementor-widget__width-initial elementor-widget elementor-widget-text-editor\" data-id=\"c927093\" data-element_type=\"widget\" data-e-type=\"widget\" data-widget_type=\"text-editor.default\">\n\t\t\t\t<div class=\"elementor-widget-container\">\n\t\t\t\t\t\t\t\t\t<p>En tant que praticien gender-queer, ma pratique priv\u00e9e est d\u00e9di\u00e9e \u00e0 garantir que les membres des communaut\u00e9s queer, trans et de diversit\u00e9 de genre aient acc\u00e8s \u00e0 des services sp\u00e9cialis\u00e9s en sant\u00e9 mentale et en toxicomanie. Mon travail vise \u00e0 combler le manque g\u00e9n\u00e9ral de conseils professionnels et de soutien pour ces communaut\u00e9s minoritaires, ainsi que pour leurs familles et leurs proches.<\/p><p>Je propose des \u00e9valuations cliniques, des interventions et des documents de soutien pour la th\u00e9rapie de remplacement hormonal (TRH). Je fournis \u00e9galement des \u00e9valuations psychologiques de pr\u00e9paration \u00e0 la chirurgie bas\u00e9es sur les Normes de Soins de l&rsquo;Association Professionnelle Mondiale pour la Sant\u00e9 des Transgenres (WPATH). En tant que membre professionnel de WPATH, j&rsquo;ai suivi \u00e0 la fois la formation de base et la formation avanc\u00e9e en sant\u00e9 mentale qu&rsquo;ils proposent. Je suis l\u00e0 pour soutenir toute personne qui traverse des difficult\u00e9s ou s&rsquo;interroge sur son orientation sexuelle ou son identit\u00e9 de genre.<\/p>\t\t\t\t\t\t\t\t<\/div>\n\t\t\t\t<\/div>\n\t\t\t\t\t<\/div>\n\t\t<\/div>\n\t\t\t\t\t<\/div>\n\t\t<\/section>\n\t\t\t\t\t<\/div>\n\t\t<\/div>\n\t\t\t\t\t<\/div>\n\t\t<\/section>\n\t\t\t\t<section class=\"elementor-section elementor-top-section elementor-element elementor-element-1c68c44 elementor-section-boxed elementor-section-height-default elementor-section-height-default\" data-id=\"1c68c44\" data-element_type=\"section\" data-e-type=\"section\" data-settings=\"{&quot;background_background&quot;:&quot;classic&quot;}\">\n\t\t\t\t\t\t<div class=\"elementor-container elementor-column-gap-default\">\n\t\t\t\t\t<div class=\"elementor-column elementor-col-100 elementor-top-column elementor-element elementor-element-1cc11dc\" data-id=\"1cc11dc\" data-element_type=\"column\" data-e-type=\"column\">\n\t\t\t<div class=\"elementor-widget-wrap elementor-element-populated\">\n\t\t\t\t\t\t<section class=\"elementor-section elementor-inner-section elementor-element elementor-element-dc99d58 elementor-section-boxed elementor-section-height-default elementor-section-height-default\" data-id=\"dc99d58\" data-element_type=\"section\" data-e-type=\"section\">\n\t\t\t\t\t\t<div class=\"elementor-container elementor-column-gap-default\">\n\t\t\t\t\t<div class=\"elementor-column elementor-col-100 elementor-inner-column elementor-element elementor-element-0fb64ac\" data-id=\"0fb64ac\" data-element_type=\"column\" data-e-type=\"column\">\n\t\t\t<div class=\"elementor-widget-wrap elementor-element-populated\">\n\t\t\t\t\t\t<div class=\"elementor-element elementor-element-e09a812 elementor-widget elementor-widget-heading\" data-id=\"e09a812\" data-element_type=\"widget\" data-e-type=\"widget\" data-widget_type=\"heading.default\">\n\t\t\t\t<div class=\"elementor-widget-container\">\n\t\t\t\t\t<h2 class=\"elementor-heading-title elementor-size-default\">Ensemble, nous pouvons briser la stigmatisation et renforcer le soutien \u00e0 ceux et celles qui nourrissent le Nouveau-Brunswick.<\/h2>\t\t\t\t<\/div>\n\t\t\t\t<\/div>\n\t\t\t\t<div class=\"elementor-element elementor-element-ae184b2 elementor-align-center elementor-widget elementor-widget-button\" data-id=\"ae184b2\" data-element_type=\"widget\" data-e-type=\"widget\" data-widget_type=\"button.default\">\n\t\t\t\t<div class=\"elementor-widget-container\">\n\t\t\t\t\t\t\t\t\t<div class=\"elementor-button-wrapper\">\n\t\t\t\t\t<a class=\"elementor-button elementor-button-link elementor-size-sm\" href=\"https:\/\/farmtalkcare.ca\/fr\/\">\n\t\t\t\t\t\t<span class=\"elementor-button-content-wrapper\">\n\t\t\t\t\t\t\t\t\t<span class=\"elementor-button-text\">En savoir plus<\/span>\n\t\t\t\t\t<\/span>\n\t\t\t\t\t<\/a>\n\t\t\t\t<\/div>\n\t\t\t\t\t\t\t\t<\/div>\n\t\t\t\t<\/div>\n\t\t\t\t<div class=\"elementor-element elementor-element-0d3e46a elementor-widget elementor-widget-image\" data-id=\"0d3e46a\" data-element_type=\"widget\" data-e-type=\"widget\" data-widget_type=\"image.default\">\n\t\t\t\t<div class=\"elementor-widget-container\">\n\t\t\t\t\t\t\t\t\t\t\t\t\t\t\t<img decoding=\"async\" width=\"624\" height=\"108\" src=\"https:\/\/farmtalkcare.ca\/wp-content\/uploads\/2025\/06\/Picture1.jpg\" class=\"attachment-large size-large wp-image-2002\" alt=\"\" srcset=\"https:\/\/farmtalkcare.ca\/wp-content\/uploads\/2025\/06\/Picture1.jpg 624w, https:\/\/farmtalkcare.ca\/wp-content\/uploads\/2025\/06\/Picture1-300x52.jpg 300w\" sizes=\"(max-width: 624px) 100vw, 624px\" \/>\t\t\t\t\t\t\t\t\t\t\t\t\t\t\t<\/div>\n\t\t\t\t<\/div>\n\t\t\t\t\t<\/div>\n\t\t<\/div>\n\t\t\t\t\t<\/div>\n\t\t<\/section>\n\t\t\t\t\t<\/div>\n\t\t<\/div>\n\t\t\t\t\t<\/div>\n\t\t<\/section>\n\t\t\t\t<\/div>\n\t\t","protected":false},"excerpt":{"rendered":"<p>Trouver un conseiller Bobby Marcel Gaudet Travailleuse sociale\/th\u00e9rapeute enregistr\u00e9 (RSW); Ma\u00eetrise en travail social, Baccalaur\u00e9at en travail social, Baccalaur\u00e9at en arts 506-382-1717 BobbyMarcelGaudet@gmail.com Moncton, N.-B. Langue : Anglais Format de service : Service en personne t\u00e9l\u00e9phone virtuel Bureau physique : situ\u00e9 au Centre de psychologie et de bien-\u00eatre : 976, rue Champlain, Dieppe, NB E1A [&hellip;]<\/p>\n","protected":false},"author":1,"featured_media":0,"parent":2390,"menu_order":0,"comment_status":"closed","ping_status":"closed","template":"","meta":{"footnotes":""},"class_list":["post-2399","page","type-page","status-publish","hentry"],"_links":{"self":[{"href":"https:\/\/farmtalkcare.ca\/fr\/wp-json\/wp\/v2\/pages\/2399","targetHints":{"allow":["GET"]}}],"collection":[{"href":"https:\/\/farmtalkcare.ca\/fr\/wp-json\/wp\/v2\/pages"}],"about":[{"href":"https:\/\/farmtalkcare.ca\/fr\/wp-json\/wp\/v2\/types\/page"}],"author":[{"embeddable":true,"href":"https:\/\/farmtalkcare.ca\/fr\/wp-json\/wp\/v2\/users\/1"}],"replies":[{"embeddable":true,"href":"https:\/\/farmtalkcare.ca\/fr\/wp-json\/wp\/v2\/comments?post=2399"}],"version-history":[{"count":9,"href":"https:\/\/farmtalkcare.ca\/fr\/wp-json\/wp\/v2\/pages\/2399\/revisions"}],"predecessor-version":[{"id":2547,"href":"https:\/\/farmtalkcare.ca\/fr\/wp-json\/wp\/v2\/pages\/2399\/revisions\/2547"}],"up":[{"embeddable":true,"href":"https:\/\/farmtalkcare.ca\/fr\/wp-json\/wp\/v2\/pages\/2390"}],"wp:attachment":[{"href":"https:\/\/farmtalkcare.ca\/fr\/wp-json\/wp\/v2\/media?parent=2399"}],"curies":[{"name":"wp","href":"https:\/\/api.w.org\/{rel}","templated":true}]}}