{"id":1256,"date":"2022-12-07T16:58:13","date_gmt":"2022-12-07T20:58:13","guid":{"rendered":"https:\/\/farmtalkcare.ca\/farm-talk-care-packs\/"},"modified":"2025-09-24T09:17:38","modified_gmt":"2025-09-24T13:17:38","slug":"farm-talk-care-packs","status":"publish","type":"page","link":"https:\/\/farmtalkcare.ca\/fr\/about\/farm-talk-care-packs\/","title":{"rendered":"trousses ferme parle soins"},"content":{"rendered":"\t\t<div data-elementor-type=\"wp-page\" data-elementor-id=\"1256\" class=\"elementor elementor-1256 elementor-126\" data-elementor-post-type=\"page\">\n\t\t\t\t\t\t<section class=\"elementor-section elementor-top-section elementor-element elementor-element-236876ac elementor-section-height-min-height elementor-section-boxed elementor-section-height-default elementor-section-items-middle\" data-id=\"236876ac\" data-element_type=\"section\" data-e-type=\"section\" data-settings=\"{&quot;background_background&quot;:&quot;classic&quot;}\">\n\t\t\t\t\t\t<div class=\"elementor-container elementor-column-gap-default\">\n\t\t\t\t\t<div class=\"elementor-column elementor-col-50 elementor-top-column elementor-element elementor-element-3d8a4a3f elementor-hidden-tablet elementor-hidden-phone\" data-id=\"3d8a4a3f\" data-element_type=\"column\" data-e-type=\"column\">\n\t\t\t<div class=\"elementor-widget-wrap\">\n\t\t\t\t\t\t\t<\/div>\n\t\t<\/div>\n\t\t\t\t<div class=\"elementor-column elementor-col-50 elementor-top-column elementor-element elementor-element-3cc4fbd\" data-id=\"3cc4fbd\" data-element_type=\"column\" data-e-type=\"column\">\n\t\t\t<div class=\"elementor-widget-wrap elementor-element-populated\">\n\t\t\t\t\t\t<div class=\"elementor-element elementor-element-26b80471 elementor-widget elementor-widget-heading\" data-id=\"26b80471\" data-element_type=\"widget\" data-e-type=\"widget\" data-widget_type=\"heading.default\">\n\t\t\t\t<div class=\"elementor-widget-container\">\n\t\t\t\t\t<h1 class=\"elementor-heading-title elementor-size-default\">trousses<\/h1>\t\t\t\t<\/div>\n\t\t\t\t<\/div>\n\t\t\t\t<div class=\"elementor-element elementor-element-6a954e31 elementor-widget elementor-widget-heading\" data-id=\"6a954e31\" data-element_type=\"widget\" data-e-type=\"widget\" data-widget_type=\"heading.default\">\n\t\t\t\t<div class=\"elementor-widget-container\">\n\t\t\t\t\t<h1 class=\"elementor-heading-title elementor-size-default\">ferme parle soins <\/h1>\t\t\t\t<\/div>\n\t\t\t\t<\/div>\n\t\t\t\t\t<\/div>\n\t\t<\/div>\n\t\t\t\t\t<\/div>\n\t\t<\/section>\n\t\t\t\t<section class=\"elementor-section elementor-top-section elementor-element elementor-element-2ae51567 elementor-section-boxed elementor-section-height-default elementor-section-height-default\" data-id=\"2ae51567\" data-element_type=\"section\" data-e-type=\"section\">\n\t\t\t\t\t\t<div class=\"elementor-container elementor-column-gap-default\">\n\t\t\t\t\t<div class=\"elementor-column elementor-col-100 elementor-top-column elementor-element elementor-element-5a5967cd\" data-id=\"5a5967cd\" data-element_type=\"column\" data-e-type=\"column\">\n\t\t\t<div class=\"elementor-widget-wrap elementor-element-populated\">\n\t\t\t\t\t\t<div class=\"elementor-element elementor-element-3d852b38 elementor-widget__width-initial elementor-widget elementor-widget-heading\" data-id=\"3d852b38\" data-element_type=\"widget\" data-e-type=\"widget\" data-widget_type=\"heading.default\">\n\t\t\t\t<div class=\"elementor-widget-container\">\n\t\t\t\t\t<h3 class=\"elementor-heading-title elementor-size-default\">Les trousses ferme parle soins sont des accessoires personnels qui peuvent vous aider \u00e0 vous apaiser \u00e0 la ferme.   Ils peuvent \u00eatre gard\u00e9s sur soi et utilis\u00e9s \u00e0 tout moment.<\/h3>\t\t\t\t<\/div>\n\t\t\t\t<\/div>\n\t\t\t\t\t<\/div>\n\t\t<\/div>\n\t\t\t\t\t<\/div>\n\t\t<\/section>\n\t\t\t\t<section class=\"elementor-section elementor-top-section elementor-element elementor-element-29a5593 elementor-section-boxed elementor-section-height-default elementor-section-height-default\" data-id=\"29a5593\" data-element_type=\"section\" data-e-type=\"section\">\n\t\t\t\t\t\t<div class=\"elementor-container elementor-column-gap-default\">\n\t\t\t\t\t<div class=\"elementor-column elementor-col-100 elementor-top-column elementor-element elementor-element-87455eb\" data-id=\"87455eb\" data-element_type=\"column\" data-e-type=\"column\">\n\t\t\t<div class=\"elementor-widget-wrap elementor-element-populated\">\n\t\t\t\t\t\t<div class=\"elementor-element elementor-element-73a2ed4 elementor-widget elementor-widget-heading\" data-id=\"73a2ed4\" data-element_type=\"widget\" data-e-type=\"widget\" data-widget_type=\"heading.default\">\n\t\t\t\t<div class=\"elementor-widget-container\">\n\t\t\t\t\t<h2 class=\"elementor-heading-title elementor-size-default\">trousses ferme parle soins <\/h2>\t\t\t\t<\/div>\n\t\t\t\t<\/div>\n\t\t\t\t\t<\/div>\n\t\t<\/div>\n\t\t\t\t\t<\/div>\n\t\t<\/section>\n\t\t\t\t<section class=\"elementor-section elementor-top-section elementor-element elementor-element-e089f10 elementor-section-boxed elementor-section-height-default elementor-section-height-default\" data-id=\"e089f10\" data-element_type=\"section\" data-e-type=\"section\" data-settings=\"{&quot;background_background&quot;:&quot;classic&quot;,&quot;shape_divider_top&quot;:&quot;opacity-fan&quot;}\">\n\t\t\t\t\t<div class=\"elementor-shape elementor-shape-top\" aria-hidden=\"true\" data-negative=\"false\">\n\t\t\t<svg xmlns=\"http:\/\/www.w3.org\/2000\/svg\" viewBox=\"0 0 283.5 19.6\" preserveAspectRatio=\"none\">\n\t<path class=\"elementor-shape-fill\" style=\"opacity:0.33\" d=\"M0 0L0 18.8 141.8 4.1 283.5 18.8 283.5 0z\"\/>\n\t<path class=\"elementor-shape-fill\" style=\"opacity:0.33\" d=\"M0 0L0 12.6 141.8 4 283.5 12.6 283.5 0z\"\/>\n\t<path class=\"elementor-shape-fill\" style=\"opacity:0.33\" d=\"M0 0L0 6.4 141.8 4 283.5 6.4 283.5 0z\"\/>\n\t<path class=\"elementor-shape-fill\" d=\"M0 0L0 1.2 141.8 4 283.5 1.2 283.5 0z\"\/>\n<\/svg>\t\t<\/div>\n\t\t\t\t\t<div class=\"elementor-container elementor-column-gap-default\">\n\t\t\t\t\t<div class=\"elementor-column elementor-col-100 elementor-top-column elementor-element elementor-element-ed2d66f\" data-id=\"ed2d66f\" data-element_type=\"column\" data-e-type=\"column\">\n\t\t\t<div class=\"elementor-widget-wrap elementor-element-populated\">\n\t\t\t\t\t\t<section class=\"elementor-section elementor-inner-section elementor-element elementor-element-fa7b401 elementor-section-boxed elementor-section-height-default elementor-section-height-default\" data-id=\"fa7b401\" data-element_type=\"section\" data-e-type=\"section\">\n\t\t\t\t\t\t<div class=\"elementor-container elementor-column-gap-default\">\n\t\t\t\t\t<div class=\"elementor-column elementor-col-50 elementor-inner-column elementor-element elementor-element-9472bc0\" data-id=\"9472bc0\" data-element_type=\"column\" data-e-type=\"column\">\n\t\t\t<div class=\"elementor-widget-wrap elementor-element-populated\">\n\t\t\t\t\t\t<div class=\"elementor-element elementor-element-7846ed4 elementor-widget elementor-widget-image\" data-id=\"7846ed4\" data-element_type=\"widget\" data-e-type=\"widget\" data-widget_type=\"image.default\">\n\t\t\t\t<div class=\"elementor-widget-container\">\n\t\t\t\t\t\t\t\t\t\t\t\t\t\t\t<img fetchpriority=\"high\" decoding=\"async\" width=\"800\" height=\"799\" src=\"https:\/\/farmtalkcare.ca\/wp-content\/uploads\/2023\/03\/stress-ball_mockup-1.png\" class=\"attachment-large size-large wp-image-1192\" alt=\"\" srcset=\"https:\/\/farmtalkcare.ca\/wp-content\/uploads\/2023\/03\/stress-ball_mockup-1.png 800w, https:\/\/farmtalkcare.ca\/wp-content\/uploads\/2023\/03\/stress-ball_mockup-1-300x300.png 300w, https:\/\/farmtalkcare.ca\/wp-content\/uploads\/2023\/03\/stress-ball_mockup-1-150x150.png 150w, https:\/\/farmtalkcare.ca\/wp-content\/uploads\/2023\/03\/stress-ball_mockup-1-768x767.png 768w\" sizes=\"(max-width: 800px) 100vw, 800px\" \/>\t\t\t\t\t\t\t\t\t\t\t\t\t\t\t<\/div>\n\t\t\t\t<\/div>\n\t\t\t\t\t<\/div>\n\t\t<\/div>\n\t\t\t\t<div class=\"elementor-column elementor-col-50 elementor-inner-column elementor-element elementor-element-f9a12c2\" data-id=\"f9a12c2\" data-element_type=\"column\" data-e-type=\"column\">\n\t\t\t<div class=\"elementor-widget-wrap elementor-element-populated\">\n\t\t\t\t\t\t<div class=\"elementor-element elementor-element-73dabe3 elementor-widget elementor-widget-text-editor\" data-id=\"73dabe3\" data-element_type=\"widget\" data-e-type=\"widget\" data-widget_type=\"text-editor.default\">\n\t\t\t\t<div class=\"elementor-widget-container\">\n\t\t\t\t\t\t\t\t\t<h5>Balle anti-stress<\/h5><p>La balle anti-stress peut r\u00e9duire le stress, la tension musculaire et l\u2019anxi\u00e9t\u00e9, abaisser la tension art\u00e9rielle, favoriser un meilleur sommeil, am\u00e9liorer la concentration et l\u2019humeur.<\/p>\t\t\t\t\t\t\t\t<\/div>\n\t\t\t\t<\/div>\n\t\t\t\t\t<\/div>\n\t\t<\/div>\n\t\t\t\t\t<\/div>\n\t\t<\/section>\n\t\t\t\t<section class=\"elementor-section elementor-inner-section elementor-element elementor-element-3e2a1bb elementor-section-boxed elementor-section-height-default elementor-section-height-default\" data-id=\"3e2a1bb\" data-element_type=\"section\" data-e-type=\"section\">\n\t\t\t\t\t\t<div class=\"elementor-container elementor-column-gap-default\">\n\t\t\t\t\t<div class=\"elementor-column elementor-col-50 elementor-inner-column elementor-element elementor-element-5d581df\" data-id=\"5d581df\" data-element_type=\"column\" data-e-type=\"column\">\n\t\t\t<div class=\"elementor-widget-wrap elementor-element-populated\">\n\t\t\t\t\t\t<div class=\"elementor-element elementor-element-750dec5 elementor-widget elementor-widget-text-editor\" data-id=\"750dec5\" data-element_type=\"widget\" data-e-type=\"widget\" data-widget_type=\"text-editor.default\">\n\t\t\t\t<div class=\"elementor-widget-container\">\n\t\t\t\t\t\t\t\t\t<h5>Carte ferme parle soins<\/h5><p>La carte parle conversation soins peut \u00eatre conserv\u00e9e dans la poche de votre chemise, dans votre portefeuille ou dans la visi\u00e8re d\u2019un camion ou d\u2019un tracteur. Le recto de la carte fournit des informations sur cette campagne ax\u00e9e sur la sant\u00e9 mentale.\u00a0\u00a0 Le verso de la carte contient une liste d\u2019outils anti-stress qui peuvent vous aider \u00e0 passer \u00e0 travers votre journ\u00e9e.<\/p>\t\t\t\t\t\t\t\t<\/div>\n\t\t\t\t<\/div>\n\t\t\t\t\t<\/div>\n\t\t<\/div>\n\t\t\t\t<div class=\"elementor-column elementor-col-50 elementor-inner-column elementor-element elementor-element-810fef7\" data-id=\"810fef7\" data-element_type=\"column\" data-e-type=\"column\">\n\t\t\t<div class=\"elementor-widget-wrap elementor-element-populated\">\n\t\t\t\t\t\t<div class=\"elementor-element elementor-element-693978f elementor-widget elementor-widget-image\" data-id=\"693978f\" data-element_type=\"widget\" data-e-type=\"widget\" data-widget_type=\"image.default\">\n\t\t\t\t<div class=\"elementor-widget-container\">\n\t\t\t\t\t\t\t\t\t\t\t\t\t\t\t<img decoding=\"async\" width=\"800\" height=\"800\" src=\"https:\/\/farmtalkcare.ca\/wp-content\/uploads\/2023\/03\/FPSCards.png\" class=\"attachment-full size-full wp-image-1259\" alt=\"\" srcset=\"https:\/\/farmtalkcare.ca\/wp-content\/uploads\/2023\/03\/FPSCards.png 800w, https:\/\/farmtalkcare.ca\/wp-content\/uploads\/2023\/03\/FPSCards-300x300.png 300w, https:\/\/farmtalkcare.ca\/wp-content\/uploads\/2023\/03\/FPSCards-150x150.png 150w, https:\/\/farmtalkcare.ca\/wp-content\/uploads\/2023\/03\/FPSCards-768x768.png 768w\" sizes=\"(max-width: 800px) 100vw, 800px\" \/>\t\t\t\t\t\t\t\t\t\t\t\t\t\t\t<\/div>\n\t\t\t\t<\/div>\n\t\t\t\t\t<\/div>\n\t\t<\/div>\n\t\t\t\t\t<\/div>\n\t\t<\/section>\n\t\t\t\t<section class=\"elementor-section elementor-inner-section elementor-element elementor-element-75e6cb9 elementor-section-boxed elementor-section-height-default elementor-section-height-default\" data-id=\"75e6cb9\" data-element_type=\"section\" data-e-type=\"section\">\n\t\t\t\t\t\t<div class=\"elementor-container elementor-column-gap-default\">\n\t\t\t\t\t<div class=\"elementor-column elementor-col-50 elementor-inner-column elementor-element elementor-element-ae49358\" data-id=\"ae49358\" data-element_type=\"column\" data-e-type=\"column\">\n\t\t\t<div class=\"elementor-widget-wrap elementor-element-populated\">\n\t\t\t\t\t\t<div class=\"elementor-element elementor-element-0f0bce7 elementor-widget elementor-widget-image\" data-id=\"0f0bce7\" data-element_type=\"widget\" data-e-type=\"widget\" data-widget_type=\"image.default\">\n\t\t\t\t<div class=\"elementor-widget-container\">\n\t\t\t\t\t\t\t\t\t\t\t\t\t\t\t<img decoding=\"async\" width=\"800\" height=\"800\" src=\"https:\/\/farmtalkcare.ca\/wp-content\/uploads\/2023\/03\/notepad_pen_mockup-2-1.png\" class=\"attachment-large size-large wp-image-1193\" alt=\"\" srcset=\"https:\/\/farmtalkcare.ca\/wp-content\/uploads\/2023\/03\/notepad_pen_mockup-2-1.png 800w, https:\/\/farmtalkcare.ca\/wp-content\/uploads\/2023\/03\/notepad_pen_mockup-2-1-300x300.png 300w, https:\/\/farmtalkcare.ca\/wp-content\/uploads\/2023\/03\/notepad_pen_mockup-2-1-150x150.png 150w, https:\/\/farmtalkcare.ca\/wp-content\/uploads\/2023\/03\/notepad_pen_mockup-2-1-768x768.png 768w\" sizes=\"(max-width: 800px) 100vw, 800px\" \/>\t\t\t\t\t\t\t\t\t\t\t\t\t\t\t<\/div>\n\t\t\t\t<\/div>\n\t\t\t\t\t<\/div>\n\t\t<\/div>\n\t\t\t\t<div class=\"elementor-column elementor-col-50 elementor-inner-column elementor-element elementor-element-b7f5653\" data-id=\"b7f5653\" data-element_type=\"column\" data-e-type=\"column\">\n\t\t\t<div class=\"elementor-widget-wrap elementor-element-populated\">\n\t\t\t\t\t\t<div class=\"elementor-element elementor-element-5d0f07f elementor-widget elementor-widget-text-editor\" data-id=\"5d0f07f\" data-element_type=\"widget\" data-e-type=\"widget\" data-widget_type=\"text-editor.default\">\n\t\t\t\t<div class=\"elementor-widget-container\">\n\t\t\t\t\t\t\t\t\t<h5>Carnets et stylos<\/h5><p>Le carnet et le stylo peuvent \u00eatre utilis\u00e9s pour tenir un journal tout au long de la journ\u00e9e ou lors d\u2019une pause le soir. Le carnet est de format de poche afin qu\u2019il soit accessible \u00e0 tout moment. Vous pouvez y noter vos pens\u00e9es, ce que vous ressentez ou les objectifs que vous souhaitez atteindre. Les possibilit\u00e9s sont infinies lorsqu\u2019il s\u2019agit de favoriser votre mieux-\u00eatre.<\/p>\t\t\t\t\t\t\t\t<\/div>\n\t\t\t\t<\/div>\n\t\t\t\t\t<\/div>\n\t\t<\/div>\n\t\t\t\t\t<\/div>\n\t\t<\/section>\n\t\t\t\t\t<\/div>\n\t\t<\/div>\n\t\t\t\t\t<\/div>\n\t\t<\/section>\n\t\t\t\t<section class=\"elementor-section elementor-top-section elementor-element elementor-element-3a3371a6 elementor-section-boxed elementor-section-height-default elementor-section-height-default\" data-id=\"3a3371a6\" data-element_type=\"section\" data-e-type=\"section\">\n\t\t\t\t\t\t<div class=\"elementor-container elementor-column-gap-default\">\n\t\t\t\t\t<div class=\"elementor-column elementor-col-100 elementor-top-column elementor-element elementor-element-6423e10f\" data-id=\"6423e10f\" data-element_type=\"column\" data-e-type=\"column\">\n\t\t\t<div class=\"elementor-widget-wrap elementor-element-populated\">\n\t\t\t\t\t\t<section class=\"elementor-section elementor-inner-section elementor-element elementor-element-4a1e4abe elementor-section-boxed elementor-section-height-default elementor-section-height-default\" data-id=\"4a1e4abe\" data-element_type=\"section\" data-e-type=\"section\">\n\t\t\t\t\t\t<div class=\"elementor-container elementor-column-gap-default\">\n\t\t\t\t\t<div class=\"elementor-column elementor-col-100 elementor-inner-column elementor-element elementor-element-e88966\" data-id=\"e88966\" data-element_type=\"column\" data-e-type=\"column\">\n\t\t\t<div class=\"elementor-widget-wrap elementor-element-populated\">\n\t\t\t\t\t\t<div class=\"elementor-element elementor-element-22975b1a elementor-widget__width-initial elementor-widget elementor-widget-heading\" data-id=\"22975b1a\" data-element_type=\"widget\" data-e-type=\"widget\" data-widget_type=\"heading.default\">\n\t\t\t\t<div class=\"elementor-widget-container\">\n\t\t\t\t\t<h5 class=\"elementor-heading-title elementor-size-default\">\u201c<\/h5>\t\t\t\t<\/div>\n\t\t\t\t<\/div>\n\t\t\t\t<div class=\"elementor-element elementor-element-4cdb8f63 elementor-widget elementor-widget-heading\" data-id=\"4cdb8f63\" data-element_type=\"widget\" data-e-type=\"widget\" data-widget_type=\"heading.default\">\n\t\t\t\t<div class=\"elementor-widget-container\">\n\t\t\t\t\t<h6 class=\"elementor-heading-title elementor-size-default\">S\u2019inqui\u00e9ter, c\u2019est porter la charge de demain avec la force d\u2019aujourd\u2019hui, c\u2019est porter deux jours \u00e0 la fois sur les \u00e9paules. L\u2019inqui\u00e9tude ne vide pas demain de son fardeau, elle vide aujourd\u2019hui de sa force. <\/h6>\t\t\t\t<\/div>\n\t\t\t\t<\/div>\n\t\t\t\t<div class=\"elementor-element elementor-element-75906ab6 elementor-widget elementor-widget-text-editor\" data-id=\"75906ab6\" data-element_type=\"widget\" data-e-type=\"widget\" data-widget_type=\"text-editor.default\">\n\t\t\t\t<div class=\"elementor-widget-container\">\n\t\t\t\t\t\t\t\t\t<p style=\"text-align: right;\"><strong><em>Corrie Ten Boom<\/em><\/strong><\/p>\t\t\t\t\t\t\t\t<\/div>\n\t\t\t\t<\/div>\n\t\t\t\t\t<\/div>\n\t\t<\/div>\n\t\t\t\t\t<\/div>\n\t\t<\/section>\n\t\t\t\t\t<\/div>\n\t\t<\/div>\n\t\t\t\t\t<\/div>\n\t\t<\/section>\n\t\t\t\t<\/div>\n\t\t","protected":false},"excerpt":{"rendered":"<p>trousses ferme parle soins Les trousses ferme parle soins sont des accessoires personnels qui peuvent vous aider \u00e0 vous apaiser \u00e0 la ferme. Ils peuvent \u00eatre gard\u00e9s sur soi et utilis\u00e9s \u00e0 tout moment. trousses ferme parle soins Balle anti-stress La balle anti-stress peut r\u00e9duire le stress, la tension musculaire et l\u2019anxi\u00e9t\u00e9, abaisser la tension [&hellip;]<\/p>\n","protected":false},"author":1,"featured_media":0,"parent":1215,"menu_order":0,"comment_status":"closed","ping_status":"closed","template":"","meta":{"footnotes":""},"class_list":["post-1256","page","type-page","status-publish","hentry"],"_links":{"self":[{"href":"https:\/\/farmtalkcare.ca\/fr\/wp-json\/wp\/v2\/pages\/1256","targetHints":{"allow":["GET"]}}],"collection":[{"href":"https:\/\/farmtalkcare.ca\/fr\/wp-json\/wp\/v2\/pages"}],"about":[{"href":"https:\/\/farmtalkcare.ca\/fr\/wp-json\/wp\/v2\/types\/page"}],"author":[{"embeddable":true,"href":"https:\/\/farmtalkcare.ca\/fr\/wp-json\/wp\/v2\/users\/1"}],"replies":[{"embeddable":true,"href":"https:\/\/farmtalkcare.ca\/fr\/wp-json\/wp\/v2\/comments?post=1256"}],"version-history":[{"count":28,"href":"https:\/\/farmtalkcare.ca\/fr\/wp-json\/wp\/v2\/pages\/1256\/revisions"}],"predecessor-version":[{"id":2467,"href":"https:\/\/farmtalkcare.ca\/fr\/wp-json\/wp\/v2\/pages\/1256\/revisions\/2467"}],"up":[{"embeddable":true,"href":"https:\/\/farmtalkcare.ca\/fr\/wp-json\/wp\/v2\/pages\/1215"}],"wp:attachment":[{"href":"https:\/\/farmtalkcare.ca\/fr\/wp-json\/wp\/v2\/media?parent=1256"}],"curies":[{"name":"wp","href":"https:\/\/api.w.org\/{rel}","templated":true}]}}