{"id":1215,"date":"2022-12-07T16:20:08","date_gmt":"2022-12-07T20:20:08","guid":{"rendered":"https:\/\/farmtalkcare.ca\/about\/"},"modified":"2025-09-24T09:16:09","modified_gmt":"2025-09-24T13:16:09","slug":"about","status":"publish","type":"page","link":"https:\/\/farmtalkcare.ca\/fr\/about\/","title":{"rendered":"\u00c0 propos"},"content":{"rendered":"\t\t<div data-elementor-type=\"wp-page\" data-elementor-id=\"1215\" class=\"elementor elementor-1215 elementor-77\" data-elementor-post-type=\"page\">\n\t\t\t\t\t\t<section class=\"elementor-section elementor-top-section elementor-element elementor-element-780e14a7 elementor-section-height-min-height elementor-section-items-top elementor-section-boxed elementor-section-height-default\" data-id=\"780e14a7\" data-element_type=\"section\" data-e-type=\"section\" data-settings=\"{&quot;background_background&quot;:&quot;classic&quot;}\">\n\t\t\t\t\t\t<div class=\"elementor-container elementor-column-gap-default\">\n\t\t\t\t\t<div class=\"elementor-column elementor-col-50 elementor-top-column elementor-element elementor-element-647c9cfa\" data-id=\"647c9cfa\" data-element_type=\"column\" data-e-type=\"column\">\n\t\t\t<div class=\"elementor-widget-wrap elementor-element-populated\">\n\t\t\t\t\t\t<div class=\"elementor-element elementor-element-7fe4c1b0 elementor-widget elementor-widget-heading\" data-id=\"7fe4c1b0\" data-element_type=\"widget\" data-e-type=\"widget\" data-widget_type=\"heading.default\">\n\t\t\t\t<div class=\"elementor-widget-container\">\n\t\t\t\t\t<h1 class=\"elementor-heading-title elementor-size-default\">\u00e0 propos<\/h1>\t\t\t\t<\/div>\n\t\t\t\t<\/div>\n\t\t\t\t<div class=\"elementor-element elementor-element-548cad2d elementor-widget elementor-widget-heading\" data-id=\"548cad2d\" data-element_type=\"widget\" data-e-type=\"widget\" data-widget_type=\"heading.default\">\n\t\t\t\t<div class=\"elementor-widget-container\">\n\t\t\t\t\t<h1 class=\"elementor-heading-title elementor-size-default\">ferme parle soins<\/h1>\t\t\t\t<\/div>\n\t\t\t\t<\/div>\n\t\t\t\t\t<\/div>\n\t\t<\/div>\n\t\t\t\t<div class=\"elementor-column elementor-col-50 elementor-top-column elementor-element elementor-element-5b4aed85\" data-id=\"5b4aed85\" data-element_type=\"column\" data-e-type=\"column\">\n\t\t\t<div class=\"elementor-widget-wrap\">\n\t\t\t\t\t\t\t<\/div>\n\t\t<\/div>\n\t\t\t\t\t<\/div>\n\t\t<\/section>\n\t\t\t\t<section class=\"elementor-section elementor-top-section elementor-element elementor-element-2da5ac32 elementor-section-boxed elementor-section-height-default elementor-section-height-default\" data-id=\"2da5ac32\" data-element_type=\"section\" data-e-type=\"section\">\n\t\t\t\t\t\t<div class=\"elementor-container elementor-column-gap-default\">\n\t\t\t\t\t<div class=\"elementor-column elementor-col-100 elementor-top-column elementor-element elementor-element-7c696fa2\" data-id=\"7c696fa2\" data-element_type=\"column\" data-e-type=\"column\">\n\t\t\t<div class=\"elementor-widget-wrap elementor-element-populated\">\n\t\t\t\t\t\t<div class=\"elementor-element elementor-element-76e77eb9 elementor-widget elementor-widget-heading\" data-id=\"76e77eb9\" data-element_type=\"widget\" data-e-type=\"widget\" data-widget_type=\"heading.default\">\n\t\t\t\t<div class=\"elementor-widget-container\">\n\t\t\t\t\t<h4 class=\"elementor-heading-title elementor-size-default\">ferme parle soins<\/h4>\t\t\t\t<\/div>\n\t\t\t\t<\/div>\n\t\t\t\t<div class=\"elementor-element elementor-element-55c63d00 elementor-widget elementor-widget-heading\" data-id=\"55c63d00\" data-element_type=\"widget\" data-e-type=\"widget\" data-widget_type=\"heading.default\">\n\t\t\t\t<div class=\"elementor-widget-container\">\n\t\t\t\t\t<h2 class=\"elementor-heading-title elementor-size-default\">Agriculture N.-B.<\/h2>\t\t\t\t<\/div>\n\t\t\t\t<\/div>\n\t\t\t\t\t<\/div>\n\t\t<\/div>\n\t\t\t\t\t<\/div>\n\t\t<\/section>\n\t\t\t\t<section class=\"elementor-section elementor-top-section elementor-element elementor-element-dc3e8b2 elementor-section-boxed elementor-section-height-default elementor-section-height-default\" data-id=\"dc3e8b2\" data-element_type=\"section\" data-e-type=\"section\" data-settings=\"{&quot;background_background&quot;:&quot;classic&quot;,&quot;shape_divider_top&quot;:&quot;opacity-tilt&quot;}\">\n\t\t\t\t\t<div class=\"elementor-shape elementor-shape-top\" aria-hidden=\"true\" data-negative=\"false\">\n\t\t\t<svg xmlns=\"http:\/\/www.w3.org\/2000\/svg\" viewBox=\"0 0 2600 131.1\" preserveAspectRatio=\"none\">\n\t<path class=\"elementor-shape-fill\" d=\"M0 0L2600 0 2600 69.1 0 0z\"\/>\n\t<path class=\"elementor-shape-fill\" style=\"opacity:0.5\" d=\"M0 0L2600 0 2600 69.1 0 69.1z\"\/>\n\t<path class=\"elementor-shape-fill\" style=\"opacity:0.25\" d=\"M2600 0L0 0 0 130.1 2600 69.1z\"\/>\n<\/svg>\t\t<\/div>\n\t\t\t\t\t<div class=\"elementor-container elementor-column-gap-default\">\n\t\t\t\t\t<div class=\"elementor-column elementor-col-100 elementor-top-column elementor-element elementor-element-a08d702\" data-id=\"a08d702\" data-element_type=\"column\" data-e-type=\"column\">\n\t\t\t<div class=\"elementor-widget-wrap elementor-element-populated\">\n\t\t\t\t\t\t<section class=\"elementor-section elementor-inner-section elementor-element elementor-element-8caa803 elementor-section-boxed elementor-section-height-default elementor-section-height-default\" data-id=\"8caa803\" data-element_type=\"section\" data-e-type=\"section\">\n\t\t\t\t\t\t<div class=\"elementor-container elementor-column-gap-wide\">\n\t\t\t\t\t<div class=\"elementor-column elementor-col-33 elementor-inner-column elementor-element elementor-element-98bd83f\" data-id=\"98bd83f\" data-element_type=\"column\" data-e-type=\"column\" data-settings=\"{&quot;background_background&quot;:&quot;classic&quot;}\">\n\t\t\t<div class=\"elementor-widget-wrap elementor-element-populated\">\n\t\t\t\t\t\t<div class=\"elementor-element elementor-element-f36156b elementor-widget elementor-widget-image\" data-id=\"f36156b\" data-element_type=\"widget\" data-e-type=\"widget\" data-widget_type=\"image.default\">\n\t\t\t\t<div class=\"elementor-widget-container\">\n\t\t\t\t\t\t\t\t\t\t\t\t\t\t\t\t<a href=\"https:\/\/www.nfnub.org\" target=\"_blank\">\n\t\t\t\t\t\t\t<img fetchpriority=\"high\" decoding=\"async\" width=\"800\" height=\"538\" src=\"https:\/\/farmtalkcare.ca\/wp-content\/uploads\/2022\/12\/NFUNB.jpg\" class=\"attachment-large size-large wp-image-1167\" alt=\"\" srcset=\"https:\/\/farmtalkcare.ca\/wp-content\/uploads\/2022\/12\/NFUNB.jpg 800w, https:\/\/farmtalkcare.ca\/wp-content\/uploads\/2022\/12\/NFUNB-300x202.jpg 300w, https:\/\/farmtalkcare.ca\/wp-content\/uploads\/2022\/12\/NFUNB-768x516.jpg 768w\" sizes=\"(max-width: 800px) 100vw, 800px\" \/>\t\t\t\t\t\t\t\t<\/a>\n\t\t\t\t\t\t\t\t\t\t\t\t\t\t\t<\/div>\n\t\t\t\t<\/div>\n\t\t\t\t<div class=\"elementor-element elementor-element-5e1f175 elementor-widget elementor-widget-heading\" data-id=\"5e1f175\" data-element_type=\"widget\" data-e-type=\"widget\" data-widget_type=\"heading.default\">\n\t\t\t\t<div class=\"elementor-widget-container\">\n\t\t\t\t\t<h2 class=\"elementor-heading-title elementor-size-default\">Union nationale des fermiers (N.-B.)<\/h2>\t\t\t\t<\/div>\n\t\t\t\t<\/div>\n\t\t\t\t<div class=\"elementor-element elementor-element-b0e501a elementor-widget elementor-widget-text-editor\" data-id=\"b0e501a\" data-element_type=\"widget\" data-e-type=\"widget\" data-widget_type=\"text-editor.default\">\n\t\t\t\t<div class=\"elementor-widget-container\">\n\t\t\t\t\t\t\t\t\t<p><a href=\"https:\/\/www.nfunb.org\" target=\"_blank\" rel=\"noopener\">www.nfunb.org<\/a> <br \/>(506) 260-0087 nfu.nb.office@gmail.com<\/p>\t\t\t\t\t\t\t\t<\/div>\n\t\t\t\t<\/div>\n\t\t\t\t\t<\/div>\n\t\t<\/div>\n\t\t\t\t<div class=\"elementor-column elementor-col-33 elementor-inner-column elementor-element elementor-element-50eeac2\" data-id=\"50eeac2\" data-element_type=\"column\" data-e-type=\"column\" data-settings=\"{&quot;background_background&quot;:&quot;classic&quot;}\">\n\t\t\t<div class=\"elementor-widget-wrap elementor-element-populated\">\n\t\t\t\t\t\t<div class=\"elementor-element elementor-element-4e43e14 elementor-widget elementor-widget-image\" data-id=\"4e43e14\" data-element_type=\"widget\" data-e-type=\"widget\" data-widget_type=\"image.default\">\n\t\t\t\t<div class=\"elementor-widget-container\">\n\t\t\t\t\t\t\t\t\t\t\t\t\t\t\t\t<a href=\"https:\/\/www.fermenbfarm.ca\" target=\"_blank\">\n\t\t\t\t\t\t\t<img decoding=\"async\" width=\"800\" height=\"538\" src=\"https:\/\/farmtalkcare.ca\/wp-content\/uploads\/2022\/12\/alliance.jpg\" class=\"attachment-large size-large wp-image-1168\" alt=\"\" srcset=\"https:\/\/farmtalkcare.ca\/wp-content\/uploads\/2022\/12\/alliance.jpg 800w, https:\/\/farmtalkcare.ca\/wp-content\/uploads\/2022\/12\/alliance-300x202.jpg 300w, https:\/\/farmtalkcare.ca\/wp-content\/uploads\/2022\/12\/alliance-768x516.jpg 768w\" sizes=\"(max-width: 800px) 100vw, 800px\" \/>\t\t\t\t\t\t\t\t<\/a>\n\t\t\t\t\t\t\t\t\t\t\t\t\t\t\t<\/div>\n\t\t\t\t<\/div>\n\t\t\t\t<div class=\"elementor-element elementor-element-2be603f elementor-widget elementor-widget-heading\" data-id=\"2be603f\" data-element_type=\"widget\" data-e-type=\"widget\" data-widget_type=\"heading.default\">\n\t\t\t\t<div class=\"elementor-widget-container\">\n\t\t\t\t\t<h2 class=\"elementor-heading-title elementor-size-default\">Alliance agricole du N.-B.<\/h2>\t\t\t\t<\/div>\n\t\t\t\t<\/div>\n\t\t\t\t<div class=\"elementor-element elementor-element-d15743f elementor-widget elementor-widget-text-editor\" data-id=\"d15743f\" data-element_type=\"widget\" data-e-type=\"widget\" data-widget_type=\"text-editor.default\">\n\t\t\t\t<div class=\"elementor-widget-container\">\n\t\t\t\t\t\t\t\t\t<a href=\"https:\/\/www.fermenbfarm.ca\" target=\"_blank\" rel=\"noopener\">www.fermenbfarm.ca<\/a><br>(506) 452 -8101 alliance@fermenbfarm.ca\t\t\t\t\t\t\t\t<\/div>\n\t\t\t\t<\/div>\n\t\t\t\t\t<\/div>\n\t\t<\/div>\n\t\t\t\t<div class=\"elementor-column elementor-col-33 elementor-inner-column elementor-element elementor-element-de37af8\" data-id=\"de37af8\" data-element_type=\"column\" data-e-type=\"column\" data-settings=\"{&quot;background_background&quot;:&quot;classic&quot;}\">\n\t\t\t<div class=\"elementor-widget-wrap elementor-element-populated\">\n\t\t\t\t\t\t<div class=\"elementor-element elementor-element-5535384 elementor-widget elementor-widget-image\" data-id=\"5535384\" data-element_type=\"widget\" data-e-type=\"widget\" data-widget_type=\"image.default\">\n\t\t\t\t<div class=\"elementor-widget-container\">\n\t\t\t\t\t\t\t\t\t\t\t\t\t\t\t\t<a href=\"https:\/\/www.recoltedecheznous.com\" target=\"_blank\">\n\t\t\t\t\t\t\t<img decoding=\"async\" width=\"800\" height=\"538\" src=\"https:\/\/farmtalkcare.ca\/wp-content\/uploads\/2022\/12\/recolte.jpg\" class=\"attachment-large size-large wp-image-1169\" alt=\"\" srcset=\"https:\/\/farmtalkcare.ca\/wp-content\/uploads\/2022\/12\/recolte.jpg 800w, https:\/\/farmtalkcare.ca\/wp-content\/uploads\/2022\/12\/recolte-300x202.jpg 300w, https:\/\/farmtalkcare.ca\/wp-content\/uploads\/2022\/12\/recolte-768x516.jpg 768w\" sizes=\"(max-width: 800px) 100vw, 800px\" \/>\t\t\t\t\t\t\t\t<\/a>\n\t\t\t\t\t\t\t\t\t\t\t\t\t\t\t<\/div>\n\t\t\t\t<\/div>\n\t\t\t\t<div class=\"elementor-element elementor-element-3ea6e50 elementor-widget elementor-widget-heading\" data-id=\"3ea6e50\" data-element_type=\"widget\" data-e-type=\"widget\" data-widget_type=\"heading.default\">\n\t\t\t\t<div class=\"elementor-widget-container\">\n\t\t\t\t\t<h2 class=\"elementor-heading-title elementor-size-default\">La r\u00e9colte de chez-nous<\/h2>\t\t\t\t<\/div>\n\t\t\t\t<\/div>\n\t\t\t\t<div class=\"elementor-element elementor-element-6fb23f7 elementor-widget elementor-widget-text-editor\" data-id=\"6fb23f7\" data-element_type=\"widget\" data-e-type=\"widget\" data-widget_type=\"text-editor.default\">\n\t\t\t\t<div class=\"elementor-widget-container\">\n\t\t\t\t\t\t\t\t\t<a href=\"https:\/\/www.recoltedecheznous.com\" target=\"_blank\" rel=\"noopener\">www.recoltedecheznous.com<\/a><br>(506) 317-0321 info@recoltedecheznous.com\t\t\t\t\t\t\t\t<\/div>\n\t\t\t\t<\/div>\n\t\t\t\t\t<\/div>\n\t\t<\/div>\n\t\t\t\t\t<\/div>\n\t\t<\/section>\n\t\t\t\t\t<\/div>\n\t\t<\/div>\n\t\t\t\t\t<\/div>\n\t\t<\/section>\n\t\t\t\t<section class=\"elementor-section elementor-top-section elementor-element elementor-element-c6f9a19 elementor-section-boxed elementor-section-height-default elementor-section-height-default\" data-id=\"c6f9a19\" data-element_type=\"section\" data-e-type=\"section\">\n\t\t\t\t\t\t<div class=\"elementor-container elementor-column-gap-default\">\n\t\t\t\t\t<div class=\"elementor-column elementor-col-100 elementor-top-column elementor-element elementor-element-ea303ef\" data-id=\"ea303ef\" data-element_type=\"column\" data-e-type=\"column\">\n\t\t\t<div class=\"elementor-widget-wrap elementor-element-populated\">\n\t\t\t\t\t\t<div class=\"elementor-element elementor-element-ffe0fa2 elementor-widget elementor-widget-heading\" data-id=\"ffe0fa2\" data-element_type=\"widget\" data-e-type=\"widget\" data-widget_type=\"heading.default\">\n\t\t\t\t<div class=\"elementor-widget-container\">\n\t\t\t\t\t<h2 class=\"elementor-heading-title elementor-size-default\">Arri\u00e8re-plan<\/h2>\t\t\t\t<\/div>\n\t\t\t\t<\/div>\n\t\t\t\t<div class=\"elementor-element elementor-element-f5842d6 elementor-widget elementor-widget-text-editor\" data-id=\"f5842d6\" data-element_type=\"widget\" data-e-type=\"widget\" data-widget_type=\"text-editor.default\">\n\t\t\t\t<div class=\"elementor-widget-container\">\n\t\t\t\t\t\t\t\t\t<p>L&rsquo;Alliance agricole du Nouveau-Brunswick, l&rsquo;Union nationale des fermiers du Nouveau-Brunswick et La R\u00e9colte de Chez Nous ont form\u00e9 le collectif Agriculture NB, suite \u00e0 la signature d&rsquo;un protocole d&rsquo;entente entre les trois organisations.<\/p><p>La cr\u00e9ation d&rsquo;un collectif agroalimentaire par ce protocole d&rsquo;entente comprend les mandats de collaboration et de consultation entre les organisations agroalimentaires ; ainsi que l&rsquo;efficacit\u00e9 des ressources en partageant des responsabilit\u00e9s collectives afin de soutenir des activit\u00e9s ou des projets.<\/p><p>Les trois organisations ont d\u00e9j\u00e0 collabor\u00e9 ensemble sur plusieurs dossiers en 2020, \u00e0 savoir la lev\u00e9e de l&rsquo;interdiction des travailleurs \u00e9trangers temporaires, les initiatives en faveur des agriculteurs confront\u00e9s \u00e0 des probl\u00e8mes de main-d&rsquo;\u0153uvre pendant la pand\u00e9mie, les communications destin\u00e9es au public concernant les changements apport\u00e9s \u00e0 la distribution de l&rsquo;alcool artisanal et les appels \u00e0 l&rsquo;action concernant les pressions qui s&rsquo;exercent sur notre syst\u00e8me alimentaire.<\/p><p>Le mieux-\u00eatre mental des agriculteurs est la cl\u00e9 d&rsquo;un secteur agricole fort et r\u00e9silient au Nouveau-Brunswick. Le fait de vivre et de travailler en milieu rural, ainsi que la stigmatisation entourant la sant\u00e9 mentale, peuvent faire en sorte qu&rsquo;il est difficile pour les agriculteurs de demander de l&rsquo;aide. \u00a0De nombreuses provinces et organisations au Canada ont mis en place ou sont en train de travailler sur des initiatives de soutien \u00e0 la sant\u00e9 mentale et de s\u00e9curit\u00e9 \u00e0 la ferme.\u00a0<\/p><p>En 2022, Agriculture NB, un partenariat entre l&rsquo;Alliance agricole du Nouveau-Brunswick, l&rsquo;Union nationale des fermiers du Nouveau-Brunswick et La R\u00e9colte de Chez Nous, s&rsquo;est engag\u00e9 \u00e0 \u00e9laborer une initiative en mati\u00e8re de sant\u00e9 mentale et de s\u00e9curit\u00e9 \u00e0 la ferme, et des travaux sont en cours pour jeter les bases d&rsquo;un programme de sensibilisation et de ressources visant \u00e0 soutenir la sant\u00e9 mentale et la s\u00e9curit\u00e9 \u00e0 la ferme des agriculteurs au Nouveau-Brunswick.<\/p><p>Agriculture NB d\u00e9veloppera davantage les \u00e9l\u00e9ments de cette initiative afin de promouvoir et de soutenir les agriculteurs r\u00e9silients du Nouveau-Brunswick.<\/p>\t\t\t\t\t\t\t\t<\/div>\n\t\t\t\t<\/div>\n\t\t\t\t\t<\/div>\n\t\t<\/div>\n\t\t\t\t\t<\/div>\n\t\t<\/section>\n\t\t\t\t<section class=\"elementor-section elementor-top-section elementor-element elementor-element-e7212d0 elementor-section-boxed elementor-section-height-default elementor-section-height-default\" data-id=\"e7212d0\" data-element_type=\"section\" data-e-type=\"section\">\n\t\t\t\t\t\t<div class=\"elementor-container elementor-column-gap-default\">\n\t\t\t\t\t<div class=\"elementor-column elementor-col-50 elementor-top-column elementor-element elementor-element-81341db\" data-id=\"81341db\" data-element_type=\"column\" data-e-type=\"column\">\n\t\t\t<div class=\"elementor-widget-wrap elementor-element-populated\">\n\t\t\t\t\t\t<div class=\"elementor-element elementor-element-cb1acc0 elementor-widget elementor-widget-image\" data-id=\"cb1acc0\" data-element_type=\"widget\" data-e-type=\"widget\" data-widget_type=\"image.default\">\n\t\t\t\t<div class=\"elementor-widget-container\">\n\t\t\t\t\t\t\t\t\t\t\t\t\t\t\t<img loading=\"lazy\" decoding=\"async\" width=\"500\" height=\"350\" src=\"https:\/\/farmtalkcare.ca\/wp-content\/uploads\/2022\/12\/members.jpg\" class=\"attachment-medium_large size-medium_large wp-image-1171\" alt=\"\" srcset=\"https:\/\/farmtalkcare.ca\/wp-content\/uploads\/2022\/12\/members.jpg 500w, https:\/\/farmtalkcare.ca\/wp-content\/uploads\/2022\/12\/members-300x210.jpg 300w\" sizes=\"(max-width: 500px) 100vw, 500px\" \/>\t\t\t\t\t\t\t\t\t\t\t\t\t\t\t<\/div>\n\t\t\t\t<\/div>\n\t\t\t\t\t<\/div>\n\t\t<\/div>\n\t\t\t\t<div class=\"elementor-column elementor-col-50 elementor-top-column elementor-element elementor-element-ac908e0\" data-id=\"ac908e0\" data-element_type=\"column\" data-e-type=\"column\" data-settings=\"{&quot;background_background&quot;:&quot;classic&quot;}\">\n\t\t\t<div class=\"elementor-widget-wrap elementor-element-populated\">\n\t\t\t\t\t\t<div class=\"elementor-element elementor-element-5d6daf6 elementor-widget elementor-widget-heading\" data-id=\"5d6daf6\" data-element_type=\"widget\" data-e-type=\"widget\" data-widget_type=\"heading.default\">\n\t\t\t\t<div class=\"elementor-widget-container\">\n\t\t\t\t\t<h2 class=\"elementor-heading-title elementor-size-default\">Membres<\/h2>\t\t\t\t<\/div>\n\t\t\t\t<\/div>\n\t\t\t\t<div class=\"elementor-element elementor-element-b4484ae elementor-widget elementor-widget-text-editor\" data-id=\"b4484ae\" data-element_type=\"widget\" data-e-type=\"widget\" data-widget_type=\"text-editor.default\">\n\t\t\t\t<div class=\"elementor-widget-container\">\n\t\t\t\t\t\t\t\t\t<p>L\u2019Union nationale des fermiers du Nouveau-Brunswick et l&rsquo;Alliance agricole du N.-B. sont toutes deux des organisations agricoles g\u00e9n\u00e9rales qui repr\u00e9sentent les int\u00e9r\u00eats de tous les secteurs agricoles de la province. La R\u00e9colte de Chez Nous est une coop\u00e9rative d&rsquo;une trentaine de fermes du sud-est du Nouveau-Brunswick qui met l&rsquo;accent sur la s\u00e9curit\u00e9 alimentaire et la prosp\u00e9rit\u00e9 des fermes familiales \u00e0 l&rsquo;\u00e9chelle de la province. Les trois organisations sont impatientes de travailler ensemble sur des questions telles que les abattoirs provinciaux, la s\u00e9curit\u00e9 alimentaire et l&rsquo;acc\u00e8s \u00e0 l&rsquo;internet en milieu rural.<\/p>\t\t\t\t\t\t\t\t<\/div>\n\t\t\t\t<\/div>\n\t\t\t\t\t<\/div>\n\t\t<\/div>\n\t\t\t\t\t<\/div>\n\t\t<\/section>\n\t\t\t\t<section class=\"elementor-section elementor-top-section elementor-element elementor-element-22f22805 elementor-section-boxed elementor-section-height-default elementor-section-height-default\" data-id=\"22f22805\" data-element_type=\"section\" data-e-type=\"section\" data-settings=\"{&quot;background_background&quot;:&quot;classic&quot;}\">\n\t\t\t\t\t\t<div class=\"elementor-container elementor-column-gap-default\">\n\t\t\t\t\t<div class=\"elementor-column elementor-col-100 elementor-top-column elementor-element elementor-element-1a59bf0e\" data-id=\"1a59bf0e\" data-element_type=\"column\" data-e-type=\"column\">\n\t\t\t<div class=\"elementor-widget-wrap elementor-element-populated\">\n\t\t\t\t\t\t<div class=\"elementor-element elementor-element-b2d296b elementor-blockquote--skin-quotation elementor-blockquote--align-right elementor-widget elementor-widget-blockquote\" data-id=\"b2d296b\" data-element_type=\"widget\" data-e-type=\"widget\" data-widget_type=\"blockquote.default\">\n\t\t\t\t<div class=\"elementor-widget-container\">\n\t\t\t\t\t\t\t<blockquote class=\"elementor-blockquote\">\n\t\t\t<p class=\"elementor-blockquote__content\">\n\t\t\t\t\u201cLes probl\u00e8mes de sant\u00e9 mentale ne d\u00e9finissent pas qui vous \u00eates. C'est une situation \u00e0 laquelle vous \u00eates confront\u00e9. Vous marchez sous la pluie, vous ressentez la pluie, mais, surtout, vous n'\u00eates pas la pluie. \u201d \t\t\t<\/p>\n\t\t\t\t\t\t\t<div class=\"e-q-footer\">\n\t\t\t\t\t\t\t\t\t\t\t<cite class=\"elementor-blockquote__author\">Matt Haig<\/cite>\n\t\t\t\t\t\t\t\t\t\t\t\t\t\t<\/div>\n\t\t\t\t\t<\/blockquote>\n\t\t\t\t\t\t<\/div>\n\t\t\t\t<\/div>\n\t\t\t\t\t<\/div>\n\t\t<\/div>\n\t\t\t\t\t<\/div>\n\t\t<\/section>\n\t\t\t\t<\/div>\n\t\t","protected":false},"excerpt":{"rendered":"<p>\u00e0 propos ferme parle soins ferme parle soins Agriculture N.-B. Union nationale des fermiers (N.-B.) www.nfunb.org (506) 260-0087 nfu.nb.office@gmail.com Alliance agricole du N.-B. www.fermenbfarm.ca(506) 452 -8101 alliance@fermenbfarm.ca La r\u00e9colte de chez-nous www.recoltedecheznous.com(506) 317-0321 info@recoltedecheznous.com Arri\u00e8re-plan L&rsquo;Alliance agricole du Nouveau-Brunswick, l&rsquo;Union nationale des fermiers du Nouveau-Brunswick et La R\u00e9colte de Chez Nous ont form\u00e9 le collectif [&hellip;]<\/p>\n","protected":false},"author":1,"featured_media":0,"parent":0,"menu_order":0,"comment_status":"closed","ping_status":"closed","template":"","meta":{"footnotes":""},"class_list":["post-1215","page","type-page","status-publish","hentry"],"_links":{"self":[{"href":"https:\/\/farmtalkcare.ca\/fr\/wp-json\/wp\/v2\/pages\/1215","targetHints":{"allow":["GET"]}}],"collection":[{"href":"https:\/\/farmtalkcare.ca\/fr\/wp-json\/wp\/v2\/pages"}],"about":[{"href":"https:\/\/farmtalkcare.ca\/fr\/wp-json\/wp\/v2\/types\/page"}],"author":[{"embeddable":true,"href":"https:\/\/farmtalkcare.ca\/fr\/wp-json\/wp\/v2\/users\/1"}],"replies":[{"embeddable":true,"href":"https:\/\/farmtalkcare.ca\/fr\/wp-json\/wp\/v2\/comments?post=1215"}],"version-history":[{"count":38,"href":"https:\/\/farmtalkcare.ca\/fr\/wp-json\/wp\/v2\/pages\/1215\/revisions"}],"predecessor-version":[{"id":2464,"href":"https:\/\/farmtalkcare.ca\/fr\/wp-json\/wp\/v2\/pages\/1215\/revisions\/2464"}],"wp:attachment":[{"href":"https:\/\/farmtalkcare.ca\/fr\/wp-json\/wp\/v2\/media?parent=1215"}],"curies":[{"name":"wp","href":"https:\/\/api.w.org\/{rel}","templated":true}]}}